{"id":1839,"date":"2021-03-01T09:19:01","date_gmt":"2021-03-01T08:19:01","guid":{"rendered":"https:\/\/turisme.esglesia.barcelona\/camino-de-santiago\/"},"modified":"2021-03-01T13:06:15","modified_gmt":"2021-03-01T12:06:15","slug":"camino-de-santiago","status":"publish","type":"page","link":"https:\/\/turisme.esglesia.barcelona\/es\/camino-de-santiago\/","title":{"rendered":"Camino de Santiago"},"content":{"rendered":"<p>[vc_row][vc_column][vc_column_text css=\u00bb.vc_custom_1614597829911{margin-top: -10px !important;}\u00bb]<img decoding=\"async\" loading=\"lazy\" class=\" wp-image-1829 alignleft\" src=\"https:\/\/turisme.esglesia.barcelona\/wp-content\/uploads\/2021\/03\/cami-de-sant-jaume-4-300x162.jpg\" alt=\"\" width=\"363\" height=\"196\" srcset=\"https:\/\/turisme.esglesia.barcelona\/wp-content\/uploads\/2021\/03\/cami-de-sant-jaume-4-300x162.jpg 300w, https:\/\/turisme.esglesia.barcelona\/wp-content\/uploads\/2021\/03\/cami-de-sant-jaume-4-768x414.jpg 768w, https:\/\/turisme.esglesia.barcelona\/wp-content\/uploads\/2021\/03\/cami-de-sant-jaume-4-260x140.jpg 260w, https:\/\/turisme.esglesia.barcelona\/wp-content\/uploads\/2021\/03\/cami-de-sant-jaume-4-50x27.jpg 50w, https:\/\/turisme.esglesia.barcelona\/wp-content\/uploads\/2021\/03\/cami-de-sant-jaume-4-139x75.jpg 139w, https:\/\/turisme.esglesia.barcelona\/wp-content\/uploads\/2021\/03\/cami-de-sant-jaume-4-240x129.jpg 240w, https:\/\/turisme.esglesia.barcelona\/wp-content\/uploads\/2021\/03\/cami-de-sant-jaume-4.jpg 935w\" sizes=\"(max-width: 363px) 100vw, 363px\" \/><\/p>\n<p>El \u00ab<a href=\"https:\/\/www.caminodesantiago.gal\/es\/inicio\">Camino de Santiago<\/a>\u00bb es la ruta de peregrinaci\u00f3n m\u00e1s antigua de Europa y la m\u00e1s concurrida.<\/p>\n<p>Hacia el a\u00f1o 820 se produce el encuentro de la tumba del ap\u00f3stol Santiago y sus disc\u00edpulos Teodoro y Anastasio e inmediatamente se crea el \u00abIocus Sancti Iacobi\u00bb, el lugar sagrada para venerar sus restos que es la semilla de la futura Catedral de Santiago y de la ciudad de Santiago de Compostela fundamentada en torno a la figura del ap\u00f3stol y los peregrinos, de todo el mundo y en todas las \u00e9pocas, se han dirigido a ella en busca de una experiencia espiritual y de conversi\u00f3n.<\/p>\n<p>R\u00e1pidamente el fen\u00f3meno de las peregrinaciones se convirti\u00f3 en una verdadera columna vertebral de Europa y Santiago en un gran centro de peregrinaci\u00f3n que no ten\u00eda nada a envidiar a Roma o la misma Jerusal\u00e9n.<\/p>\n<p>Actualmente religi\u00f3n y conversi\u00f3n son acompa\u00f1adas de turismo, patrimonio, cultura, gastronom\u00eda, en m\u00faltiples experiencias que hacen del Camino de Santiago uno de los itinerarios de m\u00e1s reclamo entre peregrinos y turistas del mundo entero.<\/p>\n<p>Pueden consultar distintas webs informativas:[\/vc_column_text][\/vc_column][\/vc_row][vc_row][vc_column width=\u00bb1\/2&#8243;][vc_btn title=\u00bbEl Camino de Santiago des de Barcelona \u00bb style=\u00bbcustom\u00bb custom_background=\u00bb#1b315a\u00bb custom_text=\u00bb#ffffff\u00bb size=\u00bblg\u00bb i_icon_fontawesome=\u00bbfa fa-link\u00bb add_icon=\u00bbtrue\u00bb link=\u00bburl:https%3A%2F%2Fsantiagoways.com%2Fes%2Fcamino-de-santiago-desde-barcelona%2F|target:%20_blank|\u00bb][vc_btn title=\u00bbPropuestas y experiencias de la Xunta de Galicia para un Camino de Santiago distinto\u00bb style=\u00bbcustom\u00bb custom_background=\u00bb#1b315a\u00bb custom_text=\u00bb#ffffff\u00bb size=\u00bblg\u00bb i_icon_fontawesome=\u00bbfa fa-link\u00bb add_icon=\u00bbtrue\u00bb link=\u00bburl:https%3A%2F%2Fwww.turismo.gal%2Fque-facer%2Fcamino-de-santiago%2Fexperiencias-do-camino%3FlangId%3Des_ES|target:%20_blank|\u00bb][vc_btn title=\u00bbLas distintas rutas del Camino de Santiago \u00bb style=\u00bbcustom\u00bb custom_background=\u00bb#1b315a\u00bb custom_text=\u00bb#ffffff\u00bb size=\u00bblg\u00bb i_icon_fontawesome=\u00bbfa fa-link\u00bb add_icon=\u00bbtrue\u00bb link=\u00bburl:https%3A%2F%2Fdocamino.es%2Felige-tu-sendero%2F|target:%20_blank|\u00bb][vc_btn title=\u00bbContenidos y consejos para hacer bien el Camino de Santiago\u00bb style=\u00bbcustom\u00bb custom_background=\u00bb#1b315a\u00bb custom_text=\u00bb#ffffff\u00bb size=\u00bblg\u00bb i_icon_fontawesome=\u00bbfa fa-link\u00bb add_icon=\u00bbtrue\u00bb link=\u00bburl:https%3A%2F%2Fvivecamino.com%2F|target:%20_blank|\u00bb][vc_column_text]O las associacions de promotores de Amigos del Camino de Santiago:[\/vc_column_text][vc_btn title=\u00bbFederaci\u00f3n Espa\u00f1ola de Asociaciones de amigos del Camino de Santigo\u00bb style=\u00bbcustom\u00bb custom_background=\u00bb#1b315a\u00bb custom_text=\u00bb#ffffff\u00bb size=\u00bblg\u00bb i_icon_fontawesome=\u00bbfa fa-link\u00bb add_icon=\u00bbtrue\u00bb link=\u00bburl:https%3A%2F%2Fwww.caminosantiago.org%2Fcpperegrino%2Fcomun%2Finicio.asp|target:%20_blank|\u00bb][vc_btn title=\u00bbAsociaci\u00f3n de Amigos del Camino de Santiago en Catalunya\u00bb style=\u00bbcustom\u00bb custom_background=\u00bb#1b315a\u00bb custom_text=\u00bb#ffffff\u00bb size=\u00bblg\u00bb i_icon_fontawesome=\u00bbfa fa-link\u00bb add_icon=\u00bbtrue\u00bb link=\u00bburl:https%3A%2F%2Fwww.editorialbuencamino.com%2Fasociaciones-de-amigos-del-camino-de-santiago%2Famigos-del-camino-de-santiago-en-cataluna%2F|target:%20_blank|\u00bb][\/vc_column][vc_column width=\u00bb1\/2&#8243;][vc_single_image image=\u00bb1825&#8243; img_size=\u00bbfull\u00bb][\/vc_column][\/vc_row]<\/p>\n","protected":false},"excerpt":{"rendered":"<p>[vc_row][vc_column][vc_column_text css=\u00bb.vc_custom_1614597829911{margin-top: -10px !important;}\u00bb] El \u00abCamino de Santiago\u00bb es la ruta de peregrinaci\u00f3n m\u00e1s antigua de Europa y la m\u00e1s concurrida. Hacia el a\u00f1o 820 se<span class=\"excerpt-hellip\"> [\u2026]<\/span><\/p>\n","protected":false},"author":1,"featured_media":0,"parent":0,"menu_order":0,"comment_status":"closed","ping_status":"closed","template":"","meta":[],"acf":[],"yoast_head":"<!-- This site is optimized with the Yoast SEO plugin v20.2.1 - https:\/\/yoast.com\/wordpress\/plugins\/seo\/ -->\n<title>Camino de Santiago - Secretariat Dioces\u00e0 de Turisme, Peregrinacions i Santuaris<\/title>\n<meta name=\"robots\" content=\"index, follow, max-snippet:-1, max-image-preview:large, max-video-preview:-1\" \/>\n<link rel=\"canonical\" href=\"https:\/\/turisme.esglesia.barcelona\/es\/camino-de-santiago\/\" \/>\n<meta property=\"og:locale\" content=\"es_ES\" \/>\n<meta property=\"og:type\" content=\"article\" \/>\n<meta property=\"og:title\" content=\"Camino de Santiago - Secretariat Dioces\u00e0 de Turisme, Peregrinacions i Santuaris\" \/>\n<meta property=\"og:description\" content=\"[vc_row][vc_column][vc_column_text css=\u00bb.vc_custom_1614597829911{margin-top: -10px !important;}\u00bb] El \u00abCamino de Santiago\u00bb es la ruta de peregrinaci\u00f3n m\u00e1s antigua de Europa y la m\u00e1s concurrida. Hacia el a\u00f1o 820 se [\u2026]\" \/>\n<meta property=\"og:url\" content=\"https:\/\/turisme.esglesia.barcelona\/es\/camino-de-santiago\/\" \/>\n<meta property=\"og:site_name\" content=\"Secretariat Dioces\u00e0 de Turisme, Peregrinacions i Santuaris\" \/>\n<meta property=\"article:modified_time\" content=\"2021-03-01T12:06:15+00:00\" \/>\n<meta property=\"og:image\" content=\"https:\/\/turisme.esglesia.barcelona\/wp-content\/uploads\/2021\/03\/cami-de-sant-jaume-4-300x162.jpg\" \/>\n<meta name=\"twitter:card\" content=\"summary_large_image\" \/>\n<meta name=\"twitter:label1\" content=\"Tiempo de lectura\" \/>\n\t<meta name=\"twitter:data1\" content=\"3 minutos\" \/>\n<script type=\"application\/ld+json\" class=\"yoast-schema-graph\">{\"@context\":\"https:\/\/schema.org\",\"@graph\":[{\"@type\":\"WebPage\",\"@id\":\"https:\/\/turisme.esglesia.barcelona\/es\/camino-de-santiago\/\",\"url\":\"https:\/\/turisme.esglesia.barcelona\/es\/camino-de-santiago\/\",\"name\":\"Camino de Santiago - Secretariat Dioces\u00e0 de Turisme, Peregrinacions i Santuaris\",\"isPartOf\":{\"@id\":\"https:\/\/turisme.esglesia.barcelona\/#website\"},\"datePublished\":\"2021-03-01T08:19:01+00:00\",\"dateModified\":\"2021-03-01T12:06:15+00:00\",\"breadcrumb\":{\"@id\":\"https:\/\/turisme.esglesia.barcelona\/es\/camino-de-santiago\/#breadcrumb\"},\"inLanguage\":\"es\",\"potentialAction\":[{\"@type\":\"ReadAction\",\"target\":[\"https:\/\/turisme.esglesia.barcelona\/es\/camino-de-santiago\/\"]}]},{\"@type\":\"BreadcrumbList\",\"@id\":\"https:\/\/turisme.esglesia.barcelona\/es\/camino-de-santiago\/#breadcrumb\",\"itemListElement\":[{\"@type\":\"ListItem\",\"position\":1,\"name\":\"Inici\",\"item\":\"https:\/\/turisme.esglesia.barcelona\/es\/\"},{\"@type\":\"ListItem\",\"position\":2,\"name\":\"Camino de Santiago\"}]},{\"@type\":\"WebSite\",\"@id\":\"https:\/\/turisme.esglesia.barcelona\/#website\",\"url\":\"https:\/\/turisme.esglesia.barcelona\/\",\"name\":\"Secretariat Dioces\u00e0 de Turisme, Peregrinacions i Santuaris\",\"description\":\"Secretariat Dioces\u00e0 de Turisme, Peregrinacions i Santuaris\",\"potentialAction\":[{\"@type\":\"SearchAction\",\"target\":{\"@type\":\"EntryPoint\",\"urlTemplate\":\"https:\/\/turisme.esglesia.barcelona\/?s={search_term_string}\"},\"query-input\":\"required name=search_term_string\"}],\"inLanguage\":\"es\"}]}<\/script>\n<!-- \/ Yoast SEO plugin. -->","yoast_head_json":{"title":"Camino de Santiago - Secretariat Dioces\u00e0 de Turisme, Peregrinacions i Santuaris","robots":{"index":"index","follow":"follow","max-snippet":"max-snippet:-1","max-image-preview":"max-image-preview:large","max-video-preview":"max-video-preview:-1"},"canonical":"https:\/\/turisme.esglesia.barcelona\/es\/camino-de-santiago\/","og_locale":"es_ES","og_type":"article","og_title":"Camino de Santiago - Secretariat Dioces\u00e0 de Turisme, Peregrinacions i Santuaris","og_description":"[vc_row][vc_column][vc_column_text css=\u00bb.vc_custom_1614597829911{margin-top: -10px !important;}\u00bb] El \u00abCamino de Santiago\u00bb es la ruta de peregrinaci\u00f3n m\u00e1s antigua de Europa y la m\u00e1s concurrida. Hacia el a\u00f1o 820 se [\u2026]","og_url":"https:\/\/turisme.esglesia.barcelona\/es\/camino-de-santiago\/","og_site_name":"Secretariat Dioces\u00e0 de Turisme, Peregrinacions i Santuaris","article_modified_time":"2021-03-01T12:06:15+00:00","og_image":[{"url":"https:\/\/turisme.esglesia.barcelona\/wp-content\/uploads\/2021\/03\/cami-de-sant-jaume-4-300x162.jpg"}],"twitter_card":"summary_large_image","twitter_misc":{"Tiempo de lectura":"3 minutos"},"schema":{"@context":"https:\/\/schema.org","@graph":[{"@type":"WebPage","@id":"https:\/\/turisme.esglesia.barcelona\/es\/camino-de-santiago\/","url":"https:\/\/turisme.esglesia.barcelona\/es\/camino-de-santiago\/","name":"Camino de Santiago - Secretariat Dioces\u00e0 de Turisme, Peregrinacions i Santuaris","isPartOf":{"@id":"https:\/\/turisme.esglesia.barcelona\/#website"},"datePublished":"2021-03-01T08:19:01+00:00","dateModified":"2021-03-01T12:06:15+00:00","breadcrumb":{"@id":"https:\/\/turisme.esglesia.barcelona\/es\/camino-de-santiago\/#breadcrumb"},"inLanguage":"es","potentialAction":[{"@type":"ReadAction","target":["https:\/\/turisme.esglesia.barcelona\/es\/camino-de-santiago\/"]}]},{"@type":"BreadcrumbList","@id":"https:\/\/turisme.esglesia.barcelona\/es\/camino-de-santiago\/#breadcrumb","itemListElement":[{"@type":"ListItem","position":1,"name":"Inici","item":"https:\/\/turisme.esglesia.barcelona\/es\/"},{"@type":"ListItem","position":2,"name":"Camino de Santiago"}]},{"@type":"WebSite","@id":"https:\/\/turisme.esglesia.barcelona\/#website","url":"https:\/\/turisme.esglesia.barcelona\/","name":"Secretariat Dioces\u00e0 de Turisme, Peregrinacions i Santuaris","description":"Secretariat Dioces\u00e0 de Turisme, Peregrinacions i Santuaris","potentialAction":[{"@type":"SearchAction","target":{"@type":"EntryPoint","urlTemplate":"https:\/\/turisme.esglesia.barcelona\/?s={search_term_string}"},"query-input":"required name=search_term_string"}],"inLanguage":"es"}]}},"_links":{"self":[{"href":"https:\/\/turisme.esglesia.barcelona\/es\/wp-json\/wp\/v2\/pages\/1839"}],"collection":[{"href":"https:\/\/turisme.esglesia.barcelona\/es\/wp-json\/wp\/v2\/pages"}],"about":[{"href":"https:\/\/turisme.esglesia.barcelona\/es\/wp-json\/wp\/v2\/types\/page"}],"author":[{"embeddable":true,"href":"https:\/\/turisme.esglesia.barcelona\/es\/wp-json\/wp\/v2\/users\/1"}],"replies":[{"embeddable":true,"href":"https:\/\/turisme.esglesia.barcelona\/es\/wp-json\/wp\/v2\/comments?post=1839"}],"version-history":[{"count":7,"href":"https:\/\/turisme.esglesia.barcelona\/es\/wp-json\/wp\/v2\/pages\/1839\/revisions"}],"predecessor-version":[{"id":1846,"href":"https:\/\/turisme.esglesia.barcelona\/es\/wp-json\/wp\/v2\/pages\/1839\/revisions\/1846"}],"wp:attachment":[{"href":"https:\/\/turisme.esglesia.barcelona\/es\/wp-json\/wp\/v2\/media?parent=1839"}],"curies":[{"name":"wp","href":"https:\/\/api.w.org\/{rel}","templated":true}]}}