{"id":1987,"date":"2021-03-04T11:03:55","date_gmt":"2021-03-04T10:03:55","guid":{"rendered":"https:\/\/turisme.esglesia.barcelona\/aviso-legal\/"},"modified":"2021-03-04T11:03:55","modified_gmt":"2021-03-04T10:03:55","slug":"aviso-legal","status":"publish","type":"page","link":"https:\/\/turisme.esglesia.barcelona\/es\/aviso-legal\/","title":{"rendered":"Aviso Legal"},"content":{"rendered":"<h4><strong>1.- IDENTIFICACI\u00d3N DEL TITULAR DEL DOMINIO<\/strong><\/h4>\n<p>En aplicaci\u00f3n de lo dispuesto en el art\u00edculo 10 de la Ley 34\/2002, de 11 de julio, de Servicios de la Sociedad de la Informaci\u00f3n y del Comercio Electr\u00f3nico, le informamos que:<\/p>\n<p>El titular de la web es el Arzobispado de Barcelona, con domicilio en Barcelona, C \/ del Obispo, n\u00ba 5, CIF: R0800007G.<\/p>\n<p>Correo electr\u00f3nico de contacto<strong>\u00a0<a href=\"mailto:secgral@arqbcn.cat\">secgral@arqbcn.cat<\/a><\/strong><\/p>\n<h4><strong>2- NORMAS DE USO DEL PORTAL<\/strong><\/h4>\n<p>Quien acceda y use este sitio web, tendr\u00e1 la consideraci\u00f3n de usuario. Por el solo hecho de serlo, acepta todas las condiciones de uso.<\/p>\n<h4><strong>2.1 .- GEN\u00c9RICAS<\/strong><\/h4>\n<p>En esta web, en nuestros blogs y dem\u00e1s herramientas de participaci\u00f3n est\u00e1 prohibido publicar contenidos que atenten contra los siguientes principios:<\/p>\n<p>a. La salvaguarda del orden p\u00fablico, la investigaci\u00f3n penal, seguridad p\u00fablica y defensa nacional,<br \/>\nb. La protecci\u00f3n de la salud p\u00fablica o de las personas f\u00edsicas que tengan la condici\u00f3n de consumidores o usuarios,<br \/>\nc. El respeto a la dignidad de la persona y al principio de no discriminaci\u00f3n por motivos de raza, sexo, opini\u00f3n, nacionalidad, discapacidad o cualquier otra circunstancia personal o social,<br \/>\nd. La protecci\u00f3n de la juventud y de la infancia.<br \/>\ne. El respeto a la autonom\u00eda de la voluntad del afectado<br \/>\nf. El respeto a la propiedad intelectual del publicado<br \/>\ng. En general, el respeto a la legalidad vigente<\/p>\n<h4><strong>2.2 .- PARTICULARES<\/strong><\/h4>\n<p>El usuario asume la responsabilidad por el uso inapropiado del portal. Esta responsabilidad se extiende al registro que fuese necesario para acceder a determinados servicios o contenidos. El usuario ser\u00e1 responsable de aportar informaci\u00f3n veraz y l\u00edcita en el proceso de registro.<\/p>\n<p>El usuario se compromete a hacer un uso adecuado de los contenidos y servicios que el arzobispado ofrece a trav\u00e9s de sus websites y herramientas de participaci\u00f3n. Con car\u00e1cter enunciativo, pero no limitativo, tambi\u00e9n se compromete a no usarlas para:<\/p>\n<p>a. Provocar da\u00f1os en los sistemas f\u00edsicos y l\u00f3gicos del Arzobispado, de sus proveedores o de terceras personas, introducir o difundir en la red virus inform\u00e1ticos o cualesquiera otros sistemas f\u00edsicos o l\u00f3gicos que sean susceptibles de provocar da\u00f1os.<\/p>\n<p>b. Intentar acceder y, en su caso, utilizar las cuentas de correo electr\u00f3nico de otros usuarios y modificar o manipular sus mensajes.<\/p>\n<p>El Arzobispado se reserva el derecho de retirar todos los comentarios y aportaciones que vulneren el respeto a la dignidad de la persona, que sean discriminatorios, xen\u00f3fobos, racistas, pornogr\u00e1ficos, que atenten contra las personas, especialmente, contra los intereses de la juventud o de la infancia, el orden o la seguridad p\u00fablica o que, no resultaran adecuados para su publicaci\u00f3n a criterio del Arzobispado de Barcelona.<\/p>\n<p>En cualquier caso, el Arzobispado de Barcelona no se hace responsable de las opiniones vertidas por los usuarios a trav\u00e9s de los foros, chats, u otras herramientas de participaci\u00f3n.<\/p>\n<h4><strong>2.3.- USO DE CONTRASE\u00d1AS.<\/strong><\/h4>\n<p>Para acceder a determinados contenidos hay que introducir un c\u00f3digo de usuario y una contrase\u00f1a. Si no dispone de una, puede pedirla a\u00a0<strong><a href=\"mailto:press@arqbcn.cat\">press@arqbcn.cat<\/a><\/strong><\/p>\n<p>Les informamos que las contrase\u00f1as son personales e intransferibles. El usuario es el \u00fanico responsable de las consecuencias que se puedan derivar del uso de su contrase\u00f1a.<\/p>\n<p>Para cualquier incidencia con las contrase\u00f1as puede contactar con\u00a0<strong><a href=\"mailto:press@arqbcn.cat\">press@arqbcn.cat<\/a><\/strong><\/p>\n<h4><strong>3. \u2013 ENLACES<\/strong><\/h4>\n<p>Para facilitar la b\u00fasqueda de recursos que creemos que son de su inter\u00e9s, puede encontrar en esta web enlaces a otras p\u00e1ginas.<\/p>\n<p>Este aviso legal s\u00f3lo se aplica a esta web. El Arzobispado de Barcelona no garantiza el cumplimiento de esta pol\u00edtica en otras webs, ni se hace responsable de los accesos mediante enlaces desde este sitio.<\/p>\n<h4><strong>4 .- PROPIEDAD INTELECTUAL E INDUSTRIAL<\/strong><\/h4>\n<p>El arzobispado de Barcelona es titular de todos los derechos de propiedad intelectual e industrial de sus p\u00e1ginas web, como tambi\u00e9n lo es de todo su contenido, por lo que toda reproducci\u00f3n, distribuci\u00f3n y comunicaci\u00f3n p\u00fablica total o parcial de su contenido queda expresamente prohibida sin la autorizaci\u00f3n expresa del Arzobispado de Barcelona.<\/p>\n<h4><strong>5 .- RESPONSABILIDAD<\/strong><\/h4>\n<p>El Arzobispado de Barcelona no se hace responsable de los da\u00f1os y perjuicios que se puedan derivar de interferencias o aver\u00edas telef\u00f3nicas, desconexiones en el sistema electr\u00f3nico, presencia de virus inform\u00e1ticos, programas maliciosos o cualquier otro factor ajeno a su control. Tampoco se hace responsable de los contenidos o sistemas de terceros conectados con el dominio del Arzobispado a trav\u00e9s de enlaces.<\/p>\n<p>El Arzobispado de Barcelona se reserva el ejercicio de las acciones legales que correspondan contra los que vulneren estas condiciones.<\/p>\n<h4><strong>6 .- MODIFICACIONES DE LAS PRESENTES CONDICIONES Y VIGENCIA<\/strong><\/h4>\n<p>El Arzobispado de Barcelona puede modificar estas condiciones en cualquier momento, sin previo aviso, publicando sus modificaciones tal como aparecen.<\/p>\n<h4><strong>7.- LEGISLACI\u00d3N APLICABLE Y JURISDICCI\u00d3N<\/strong><\/h4>\n<p>La relaci\u00f3n entre El Arzobispado de Barcelona y el usuario se regir\u00e1 por la normativa espa\u00f1ola vigente y cualquier controversia se someter\u00e1 a los Juzgados y tribunales de la ciudad de Barcelona.<\/p>\n","protected":false},"excerpt":{"rendered":"<p>1.- IDENTIFICACI\u00d3N DEL TITULAR DEL DOMINIO En aplicaci\u00f3n de lo dispuesto en el art\u00edculo 10 de la Ley 34\/2002, de 11 de julio, de Servicios de<span class=\"excerpt-hellip\"> [\u2026]<\/span><\/p>\n","protected":false},"author":1,"featured_media":0,"parent":0,"menu_order":0,"comment_status":"closed","ping_status":"closed","template":"","meta":[],"acf":[],"yoast_head":"<!-- This site is optimized with the Yoast SEO plugin v20.2.1 - https:\/\/yoast.com\/wordpress\/plugins\/seo\/ -->\n<title>Aviso Legal - Secretariat Dioces\u00e0 de Turisme, Peregrinacions i Santuaris<\/title>\n<meta name=\"robots\" content=\"index, follow, max-snippet:-1, max-image-preview:large, max-video-preview:-1\" \/>\n<link rel=\"canonical\" href=\"https:\/\/turisme.esglesia.barcelona\/es\/aviso-legal\/\" \/>\n<meta property=\"og:locale\" content=\"es_ES\" \/>\n<meta property=\"og:type\" content=\"article\" \/>\n<meta property=\"og:title\" content=\"Aviso Legal - Secretariat Dioces\u00e0 de Turisme, Peregrinacions i Santuaris\" \/>\n<meta property=\"og:description\" content=\"1.- IDENTIFICACI\u00d3N DEL TITULAR DEL DOMINIO En aplicaci\u00f3n de lo dispuesto en el art\u00edculo 10 de la Ley 34\/2002, de 11 de julio, de Servicios de [\u2026]\" \/>\n<meta property=\"og:url\" content=\"https:\/\/turisme.esglesia.barcelona\/es\/aviso-legal\/\" \/>\n<meta property=\"og:site_name\" content=\"Secretariat Dioces\u00e0 de Turisme, Peregrinacions i Santuaris\" \/>\n<meta name=\"twitter:card\" content=\"summary_large_image\" \/>\n<meta name=\"twitter:label1\" content=\"Tiempo de lectura\" \/>\n\t<meta name=\"twitter:data1\" content=\"4 minutos\" \/>\n<script type=\"application\/ld+json\" class=\"yoast-schema-graph\">{\"@context\":\"https:\/\/schema.org\",\"@graph\":[{\"@type\":\"WebPage\",\"@id\":\"https:\/\/turisme.esglesia.barcelona\/es\/aviso-legal\/\",\"url\":\"https:\/\/turisme.esglesia.barcelona\/es\/aviso-legal\/\",\"name\":\"Aviso Legal - Secretariat Dioces\u00e0 de Turisme, Peregrinacions i Santuaris\",\"isPartOf\":{\"@id\":\"https:\/\/turisme.esglesia.barcelona\/#website\"},\"datePublished\":\"2021-03-04T10:03:55+00:00\",\"dateModified\":\"2021-03-04T10:03:55+00:00\",\"breadcrumb\":{\"@id\":\"https:\/\/turisme.esglesia.barcelona\/es\/aviso-legal\/#breadcrumb\"},\"inLanguage\":\"es\",\"potentialAction\":[{\"@type\":\"ReadAction\",\"target\":[\"https:\/\/turisme.esglesia.barcelona\/es\/aviso-legal\/\"]}]},{\"@type\":\"BreadcrumbList\",\"@id\":\"https:\/\/turisme.esglesia.barcelona\/es\/aviso-legal\/#breadcrumb\",\"itemListElement\":[{\"@type\":\"ListItem\",\"position\":1,\"name\":\"Inici\",\"item\":\"https:\/\/turisme.esglesia.barcelona\/es\/\"},{\"@type\":\"ListItem\",\"position\":2,\"name\":\"Aviso Legal\"}]},{\"@type\":\"WebSite\",\"@id\":\"https:\/\/turisme.esglesia.barcelona\/#website\",\"url\":\"https:\/\/turisme.esglesia.barcelona\/\",\"name\":\"Secretariat Dioces\u00e0 de Turisme, Peregrinacions i Santuaris\",\"description\":\"Secretariat Dioces\u00e0 de Turisme, Peregrinacions i Santuaris\",\"potentialAction\":[{\"@type\":\"SearchAction\",\"target\":{\"@type\":\"EntryPoint\",\"urlTemplate\":\"https:\/\/turisme.esglesia.barcelona\/?s={search_term_string}\"},\"query-input\":\"required name=search_term_string\"}],\"inLanguage\":\"es\"}]}<\/script>\n<!-- \/ Yoast SEO plugin. -->","yoast_head_json":{"title":"Aviso Legal - Secretariat Dioces\u00e0 de Turisme, Peregrinacions i Santuaris","robots":{"index":"index","follow":"follow","max-snippet":"max-snippet:-1","max-image-preview":"max-image-preview:large","max-video-preview":"max-video-preview:-1"},"canonical":"https:\/\/turisme.esglesia.barcelona\/es\/aviso-legal\/","og_locale":"es_ES","og_type":"article","og_title":"Aviso Legal - Secretariat Dioces\u00e0 de Turisme, Peregrinacions i Santuaris","og_description":"1.- IDENTIFICACI\u00d3N DEL TITULAR DEL DOMINIO En aplicaci\u00f3n de lo dispuesto en el art\u00edculo 10 de la Ley 34\/2002, de 11 de julio, de Servicios de [\u2026]","og_url":"https:\/\/turisme.esglesia.barcelona\/es\/aviso-legal\/","og_site_name":"Secretariat Dioces\u00e0 de Turisme, Peregrinacions i Santuaris","twitter_card":"summary_large_image","twitter_misc":{"Tiempo de lectura":"4 minutos"},"schema":{"@context":"https:\/\/schema.org","@graph":[{"@type":"WebPage","@id":"https:\/\/turisme.esglesia.barcelona\/es\/aviso-legal\/","url":"https:\/\/turisme.esglesia.barcelona\/es\/aviso-legal\/","name":"Aviso Legal - Secretariat Dioces\u00e0 de Turisme, Peregrinacions i Santuaris","isPartOf":{"@id":"https:\/\/turisme.esglesia.barcelona\/#website"},"datePublished":"2021-03-04T10:03:55+00:00","dateModified":"2021-03-04T10:03:55+00:00","breadcrumb":{"@id":"https:\/\/turisme.esglesia.barcelona\/es\/aviso-legal\/#breadcrumb"},"inLanguage":"es","potentialAction":[{"@type":"ReadAction","target":["https:\/\/turisme.esglesia.barcelona\/es\/aviso-legal\/"]}]},{"@type":"BreadcrumbList","@id":"https:\/\/turisme.esglesia.barcelona\/es\/aviso-legal\/#breadcrumb","itemListElement":[{"@type":"ListItem","position":1,"name":"Inici","item":"https:\/\/turisme.esglesia.barcelona\/es\/"},{"@type":"ListItem","position":2,"name":"Aviso Legal"}]},{"@type":"WebSite","@id":"https:\/\/turisme.esglesia.barcelona\/#website","url":"https:\/\/turisme.esglesia.barcelona\/","name":"Secretariat Dioces\u00e0 de Turisme, Peregrinacions i Santuaris","description":"Secretariat Dioces\u00e0 de Turisme, Peregrinacions i Santuaris","potentialAction":[{"@type":"SearchAction","target":{"@type":"EntryPoint","urlTemplate":"https:\/\/turisme.esglesia.barcelona\/?s={search_term_string}"},"query-input":"required name=search_term_string"}],"inLanguage":"es"}]}},"_links":{"self":[{"href":"https:\/\/turisme.esglesia.barcelona\/es\/wp-json\/wp\/v2\/pages\/1987"}],"collection":[{"href":"https:\/\/turisme.esglesia.barcelona\/es\/wp-json\/wp\/v2\/pages"}],"about":[{"href":"https:\/\/turisme.esglesia.barcelona\/es\/wp-json\/wp\/v2\/types\/page"}],"author":[{"embeddable":true,"href":"https:\/\/turisme.esglesia.barcelona\/es\/wp-json\/wp\/v2\/users\/1"}],"replies":[{"embeddable":true,"href":"https:\/\/turisme.esglesia.barcelona\/es\/wp-json\/wp\/v2\/comments?post=1987"}],"version-history":[{"count":0,"href":"https:\/\/turisme.esglesia.barcelona\/es\/wp-json\/wp\/v2\/pages\/1987\/revisions"}],"wp:attachment":[{"href":"https:\/\/turisme.esglesia.barcelona\/es\/wp-json\/wp\/v2\/media?parent=1987"}],"curies":[{"name":"wp","href":"https:\/\/api.w.org\/{rel}","templated":true}]}}