{"id":1992,"date":"2021-03-04T11:09:43","date_gmt":"2021-03-04T10:09:43","guid":{"rendered":"https:\/\/turisme.esglesia.barcelona\/proteccion-de-datos\/"},"modified":"2021-03-04T11:09:43","modified_gmt":"2021-03-04T10:09:43","slug":"proteccion-de-datos","status":"publish","type":"page","link":"https:\/\/turisme.esglesia.barcelona\/es\/proteccion-de-datos\/","title":{"rendered":"Protecci\u00f3n de datos"},"content":{"rendered":"<h4><strong>1.- DERECHO DE INFORMACI\u00d3N<\/strong><\/h4>\n<p>En aplicaci\u00f3n de lo dispuesto en los art\u00edculos 11 de la Ley Org\u00e1nica 3\/2018, de 5 de diciembre, de Protecci\u00f3n de Datos Personales y garant\u00eda de los derechos digitales (LOPDPGDD) y 13 del Reglamento Europeo 2016\/679 de 27 de abril de 2016 (RGPD) se informa que:<\/p>\n<p><strong>1.1.- Identificaci\u00f3n del responsable<\/strong><br \/>\nEl responsable del fichero y del tratamiento es el Arzobispado de Barcelona, con los datos que constan en el aviso legal.Puede contactar con el DPD del Arzobispado de Barcelona mediante la siguiente direcci\u00f3n electr\u00f3nica:<strong>\u00a0<a href=\"mailto:protecciodades@arqbcn.cat\">protecciodades@arqbcn.cat<\/a><\/strong><\/p>\n<p><strong>1.2.- Finalidad general del tratamiento<\/strong><\/p>\n<p>Utilizaremos los datos para prestarle los servicios que nos solicite y para enviar informaci\u00f3n por correo electr\u00f3nico o direcci\u00f3n postal. Los datos que nos facilite en los formularios que encontrar\u00e1 en la web, los que nos env\u00ede a nuestra direcci\u00f3n de correo electr\u00f3nico y los que se puedan generar mientras mantenga relaci\u00f3n con el responsable del tratamiento se incorporar\u00e1n, tal como nos los ceda, a la base de datos titularidad del responsable del tratamiento.<\/p>\n<p>La base jur\u00eddica de este tratamiento ser\u00e1 la relaci\u00f3n contractual que mantenga con el responsable del tratamiento y el consentimiento que otorga al aceptar esta informaci\u00f3n.<\/p>\n<p><strong>1.3.- Tratamiento de im\u00e1genes.<\/strong><\/p>\n<p>El responsable del tratamiento documenta los eventos de car\u00e1cter p\u00fablico que organiza con fotograf\u00edas y v\u00eddeos con el fin de hacer difusi\u00f3n en su web o dem\u00e1s espacios de difusi\u00f3n p\u00fablica de informaci\u00f3n como son: la propia web, las redes sociales donde el responsable del tratamiento disponga de perfil creado y publicaciones propias o prensa. Puede obtener m\u00e1s informaci\u00f3n sobre este apartado consultando la web del responsable del tratamiento o contactando con el DPD.<\/p>\n<p>El tratamiento de estas im\u00e1genes est\u00e1 legitimado con el consentimiento de los afectados o en aplicaci\u00f3n del art\u00edculo 8 de la\u00a0<strong><a href=\"http:\/\/noticias.juridicas.com\/base_datos\/Admin\/lo1-1982.html\">Ley Org\u00e1nica 1\/1982 de protecci\u00f3n del derecho al honor, la intimidad y la propia imagen.<\/a>\u00a0.<\/strong><\/p>\n<p><strong>1.4.- Categor\u00edas de destinatarios.<\/strong><\/p>\n<p>Para dar cumplimiento a las anteriores finalidades tendr\u00e1n acceso a sus datos:<\/p>\n<ul>\n<li>\n<ul>\n<li>El personal debidamente autorizado por la direcci\u00f3n del responsable del tratamiento.<\/li>\n<li>Los proveedores necesarios para dar cumplimiento a su demanda.<\/li>\n<li>La administraci\u00f3n p\u00fablica en el \u00e1mbito de sus competencias.<br \/>\nPuede ampliar esta informaci\u00f3n consultando al DPD<\/li>\n<\/ul>\n<p><strong>1.5.- Transferencia internacional de datos.<\/strong><\/p>\n<p>El responsable del tratamiento utiliza las siguientes plataformas que pueden implicar transferencias de datos fuera del espacio Schengen:<\/p>\n<p>I.- Google (G-Suite). El responsable del tratamiento ha firmado un acuerdo con Google, ajust\u00e1ndose a la resoluci\u00f3n de la Autoridad de Protecci\u00f3n de Datos de 22 de junio de 2017. Para obtener m\u00e1s informaci\u00f3n sobre las pol\u00edticas de privacidad de G-Suite puede visitar los siguientes enlaces:<\/p>\n<p><a href=\"https:\/\/support.google.com\/a\/answer\/2888485?hl=es\">https:\/\/support.google.com\/a\/answer\/2888485?hl=es<\/a><\/p>\n<p><a href=\"https:\/\/www.privacyshield.gov\/participant?id=a2zt000000001L5AAI\">https:\/\/www.privacyshield.gov\/participant?id=a2zt000000001L5AAI<\/a><\/p>\n<p>II.- Redes sociales que constan anunciadas en nuestra web<\/p>\n<p><strong>1.6.- Plazo de conservaci\u00f3n de la informaci\u00f3n.<\/strong><\/p>\n<p>El Arzobispado conservar\u00e1 su informaci\u00f3n mientras no revoque el consentimiento otorgado en aceptar esta cl\u00e1usula.<\/p>\n<p><strong>1.7.- Derechos como afectado<\/strong><\/p>\n<p>Tiene derecho a ejercer los derechos de acceso a sus datos personales, a su rectificaci\u00f3n o supresi\u00f3n, a la limitaci\u00f3n de su tratamiento, a oponerse al tratamiento propuesto, y a consentir expresamente la posibilidad de hacer portabilidad de su informaci\u00f3n en los t\u00e9rminos previstos en el ordenamiento y, en especial a la LOPDPGDD y LSSI. Para ejercer estos derechos puede dirigirse por escrito a la Secretar\u00eda General, C \/ del Obispo, n\u00fam. 5, 08002, Barcelona, o bien, contactar por tel\u00e9fono al n\u00fam. 932701012, o enviar un correo electr\u00f3nico a la direcci\u00f3n \u00a0<strong><a href=\"mailto:protecciodades@arqbcn.cat\">protecciodades@arqbcn.cat<\/a>\u00a0<\/strong>con el texto \u201c<strong>PROTECCI\u00d3N DE DATOS<\/strong>\u201d en el asunto, identific\u00e1ndose aportando una fotocopia del DNI.<\/p>\n<p><strong>1.8.- Derecho de reclamaci\u00f3n.<\/strong><\/p>\n<p>El organismo competente para conocer de la correcta aplicaci\u00f3n de las normas sobre tratamiento de la informaci\u00f3n es la Autoridad de Protecci\u00f3n de Datos, con domicilio en la Calle Jorge Juan n. 6 de Madrid.<\/p>\n<p><strong>1.9.- Obligaciones del afectado.<\/strong><\/p>\n<p>El afectado debe aportar informaci\u00f3n veraz y actualizada en todos los procesos de recogida de datos, siendo \u00e9l el \u00fanico responsable de la vulneraci\u00f3n de esta obligaci\u00f3n.<\/p>\n<p>En los formularios de recogida de datos est\u00e1n marcadas los datos que hay que aportar obligatoriamente, en funci\u00f3n de la demanda que haga el afectado. La falta de aportaci\u00f3n de estos datos puede suponer la imposibilidad de participar de la actividad o proporcionar el servicio que se solicita.<\/p>\n<p><strong>1.10.- Elaboraci\u00f3n de perfiles<\/strong><\/p>\n<p>Para el cumplimiento de los objetivos del Arzobispado y, sobre todo, para hacer una atenci\u00f3n m\u00e1s personalizada, cuidadosa y eficaz del usuario, a veces, es necesario elaborar perfiles de los destinatarios de los servicios. En ning\u00fan caso la elaboraci\u00f3n del perfil se hace de manera exclusivamente automatizada.<\/p>\n<h4><strong>2.- CONSENTIMIENTO DEL USUARIO<\/strong><\/h4>\n<p>Se entiende que el usuario acepta las condiciones establecidas si pulsa el bot\u00f3n \u2018ACEPTAR\u2019 que se encuentra en todos los formularios de recogida de datos, o si env\u00eda un mensaje por correo electr\u00f3nico.<\/p>\n<p>Los datos personales se guardan en la base de datos general de administraci\u00f3n del Arzobispado que, en todo caso, garantiza las medidas t\u00e9cnicas y organizativas para preservar la integridad y la seguridad de la informaci\u00f3n que trata.<\/p>\n<h4><strong>3.- SEGURIDAD<\/strong><\/h4>\n<p>La base de datos general est\u00e1 dotada del preceptivo documento de seguridad y ha establecido todos los medios t\u00e9cnicos a su alcance para evitar la p\u00e9rdida, mal uso, alteraci\u00f3n, acceso no autorizado y robo de los datos facilitados.<\/p>\n<p>El tratamiento de los datos personales est\u00e1 ajustado a la normativa establecida en el Reglamento (UE) 2016\/679 del Parlamento Europeo y del Consejo, de 27 de abril de 2016, la Ley Org\u00e1nica 3\/2018, de 5 de diciembre, de Protecci\u00f3n de datos Personales y garant\u00eda de los derechos digitales y en la normativa que la desarrolla.<\/p>\n<p><strong>4. \u2013 US DE DIRECCIONES IP<\/strong><\/p>\n<p>Para facilitar la b\u00fasqueda de recursos que creemos que son de su inter\u00e9s, puede encontrar en esta web enlaces a otras p\u00e1ginas.<\/p>\n<p>Esta pol\u00edtica de protecci\u00f3n de datos s\u00f3lo se aplica a esta web. El Arzobispado no garantiza el cumplimiento de esta pol\u00edtica en otras webs, ni se hace responsable de los accesos mediante enlaces desde este sitio.<\/p>\n<p><strong>5. \u2013 COOKIES Y RECOGIDA DE DATOS ESTAD\u00cdSTICOS<\/strong><\/p>\n<p>La navegaci\u00f3n de un usuario por esta web deja como rastro la direcci\u00f3n IP que le ha sido asignada por su proveedor de acceso a Internet. S\u00f3lo se utiliza esta direcci\u00f3n para fines exclusivamente internos, como son las estad\u00edsticas de acceso al Portal.<\/p>\n<p>Para la utilizaci\u00f3n de esta web, es posible que se utilicen cookies. Las cookies que se puedan utilizar asocian \u00fanicamente con el navegador de un ordenador determinado (un usuario an\u00f3nimo), y no proporcionan por s\u00ed mismas ning\u00fan dato personal del usuario. Esta web puede utilizar los siguientes tipos de galletas:<\/p>\n<p>\u2013 Cookies de an\u00e1lisis: permiten cuantificar el n\u00famero de usuarios y as\u00ed realizar la medici\u00f3n y an\u00e1lisis estad\u00edstico de la utilizaci\u00f3n y actividad que hacen los usuarios de nuestra p\u00e1gina web, as\u00ed como elaborar de perfiles de navegaci\u00f3n de los usuarios en estas p\u00e1ginas y en nuestras aplicaciones, todo ello con el fin de introducir mejoras.<\/p>\n<p>\u2013 Cookies t\u00e9cnicas: permiten al usuario la navegaci\u00f3n a trav\u00e9s de la p\u00e1gina web y la utilizaci\u00f3n de las diferentes opciones o servicios que en ella existen como, por ejemplo, controlar el tr\u00e1fico y la comunicaci\u00f3n de datos, identificar la sesi\u00f3n, acceder a partes de acceso restringido, recordar los elementos que integran un pedido, realizar el proceso de compra de un pedido, realizar la solicitud de inscripci\u00f3n o participaci\u00f3n en un evento, utilizar elementos de seguridad durante la navegaci\u00f3n o almacenar, difundir y \/ o compartir contenidos.<\/p>\n<p>El usuario tiene la posibilidad de configurar su navegador para ser avisado en pantalla de la recepci\u00f3n de cookies y para evitar su instalaci\u00f3n en su disco duro. Todos los navegadores permiten hacer cambios con el fin de desactivar la configuraci\u00f3n de las cookies. Estos ajustes se encuentran ubicados en las \u00abopciones\u00bb o \u00abpreferencias\u00bb del men\u00fa de su navegador. A continuaci\u00f3n podr\u00e1 encontrar los links de cada navegador para desactivar las cookies siguiendo las instrucciones:<\/p>\n<p>\u2013 Explorer: \u00a0\u00a0 \u00a0\u00a0\u00a0<strong><a href=\"https:\/\/support.microsoft.com\/ca-es\/hub\/4338813\/windows-help?os=windows-10\">http:\/\/windows.microsoft.com\/es-es\/windows7\/how-to-manage-cookies-in-internet-explorer-9<\/a><\/strong><br \/>\n\u2013 Firefox: \u00a0\u00a0 \u00a0\u00a0 \u00a0\u00a0<strong><a href=\"https:\/\/support.mozilla.org\/en-US\/kb\/cookies-information-websites-store-on-your-computer?redirectlocale=en-US&amp;redirectslug=Cookies\">http:\/\/goo.gl\/F5pHX<\/a><\/strong><br \/>\n\u2013 Chrome: \u00a0\u00a0 \u00a0\u00a0\u00a0<strong><a href=\"https:\/\/support.google.com\/chrome\/?hl=es&amp;amp;answer=95647#topic=7438008\">http:\/\/support.google.com\/chrome\/bin\/answer.py?hl=es&amp;amp;answer=95647<\/a><\/strong><br \/>\n\u2013 Safari:\u00a0 \u00a0 \u00a0 \u00a0 \u00a0 \u00a0<strong><a href=\"https:\/\/support.apple.com\/ca-es\/guide\/safari\/sfri11471\/mac\">http:\/\/support.apple.com\/kb\/ph5042<\/a><\/strong><br \/>\n\u2013 Opera:\u00a0 \u00a0 \u00a0 \u00a0 \u00a0\u00a0<strong><a href=\"https:\/\/help.opera.com\/en\/latest\/web-preferences\/\">http:\/\/www.opera.com\/help\/tutorials\/security\/privacy\/<\/a><\/strong><\/p>\n<p>Le informamos, sin embargo, que existe la posibilidad de que la desactivaci\u00f3n de alguna galleta impida o dificulte la navegaci\u00f3n o la prestaci\u00f3n de los servicios ofrecidos en esta web.<\/li>\n<\/ul>\n","protected":false},"excerpt":{"rendered":"<p>1.- DERECHO DE INFORMACI\u00d3N En aplicaci\u00f3n de lo dispuesto en los art\u00edculos 11 de la Ley Org\u00e1nica 3\/2018, de 5 de diciembre, de Protecci\u00f3n de Datos<span class=\"excerpt-hellip\"> [\u2026]<\/span><\/p>\n","protected":false},"author":1,"featured_media":0,"parent":0,"menu_order":0,"comment_status":"closed","ping_status":"closed","template":"","meta":[],"acf":[],"yoast_head":"<!-- This site is optimized with the Yoast SEO plugin v20.2.1 - https:\/\/yoast.com\/wordpress\/plugins\/seo\/ -->\n<title>Protecci\u00f3n de datos - Secretariat Dioces\u00e0 de Turisme, Peregrinacions i Santuaris<\/title>\n<meta name=\"robots\" content=\"index, follow, max-snippet:-1, max-image-preview:large, max-video-preview:-1\" \/>\n<link rel=\"canonical\" href=\"https:\/\/turisme.esglesia.barcelona\/es\/proteccion-de-datos\/\" \/>\n<meta property=\"og:locale\" content=\"es_ES\" \/>\n<meta property=\"og:type\" content=\"article\" \/>\n<meta property=\"og:title\" content=\"Protecci\u00f3n de datos - Secretariat Dioces\u00e0 de Turisme, Peregrinacions i Santuaris\" \/>\n<meta property=\"og:description\" content=\"1.- DERECHO DE INFORMACI\u00d3N En aplicaci\u00f3n de lo dispuesto en los art\u00edculos 11 de la Ley Org\u00e1nica 3\/2018, de 5 de diciembre, de Protecci\u00f3n de Datos [\u2026]\" \/>\n<meta property=\"og:url\" content=\"https:\/\/turisme.esglesia.barcelona\/es\/proteccion-de-datos\/\" \/>\n<meta property=\"og:site_name\" content=\"Secretariat Dioces\u00e0 de Turisme, Peregrinacions i Santuaris\" \/>\n<meta name=\"twitter:card\" content=\"summary_large_image\" \/>\n<meta name=\"twitter:label1\" content=\"Tiempo de lectura\" \/>\n\t<meta name=\"twitter:data1\" content=\"7 minutos\" \/>\n<script type=\"application\/ld+json\" class=\"yoast-schema-graph\">{\"@context\":\"https:\/\/schema.org\",\"@graph\":[{\"@type\":\"WebPage\",\"@id\":\"https:\/\/turisme.esglesia.barcelona\/es\/proteccion-de-datos\/\",\"url\":\"https:\/\/turisme.esglesia.barcelona\/es\/proteccion-de-datos\/\",\"name\":\"Protecci\u00f3n de datos - Secretariat Dioces\u00e0 de Turisme, Peregrinacions i Santuaris\",\"isPartOf\":{\"@id\":\"https:\/\/turisme.esglesia.barcelona\/#website\"},\"datePublished\":\"2021-03-04T10:09:43+00:00\",\"dateModified\":\"2021-03-04T10:09:43+00:00\",\"breadcrumb\":{\"@id\":\"https:\/\/turisme.esglesia.barcelona\/es\/proteccion-de-datos\/#breadcrumb\"},\"inLanguage\":\"es\",\"potentialAction\":[{\"@type\":\"ReadAction\",\"target\":[\"https:\/\/turisme.esglesia.barcelona\/es\/proteccion-de-datos\/\"]}]},{\"@type\":\"BreadcrumbList\",\"@id\":\"https:\/\/turisme.esglesia.barcelona\/es\/proteccion-de-datos\/#breadcrumb\",\"itemListElement\":[{\"@type\":\"ListItem\",\"position\":1,\"name\":\"Inici\",\"item\":\"https:\/\/turisme.esglesia.barcelona\/es\/\"},{\"@type\":\"ListItem\",\"position\":2,\"name\":\"Protecci\u00f3n de datos\"}]},{\"@type\":\"WebSite\",\"@id\":\"https:\/\/turisme.esglesia.barcelona\/#website\",\"url\":\"https:\/\/turisme.esglesia.barcelona\/\",\"name\":\"Secretariat Dioces\u00e0 de Turisme, Peregrinacions i Santuaris\",\"description\":\"Secretariat Dioces\u00e0 de Turisme, Peregrinacions i Santuaris\",\"potentialAction\":[{\"@type\":\"SearchAction\",\"target\":{\"@type\":\"EntryPoint\",\"urlTemplate\":\"https:\/\/turisme.esglesia.barcelona\/?s={search_term_string}\"},\"query-input\":\"required name=search_term_string\"}],\"inLanguage\":\"es\"}]}<\/script>\n<!-- \/ Yoast SEO plugin. -->","yoast_head_json":{"title":"Protecci\u00f3n de datos - Secretariat Dioces\u00e0 de Turisme, Peregrinacions i Santuaris","robots":{"index":"index","follow":"follow","max-snippet":"max-snippet:-1","max-image-preview":"max-image-preview:large","max-video-preview":"max-video-preview:-1"},"canonical":"https:\/\/turisme.esglesia.barcelona\/es\/proteccion-de-datos\/","og_locale":"es_ES","og_type":"article","og_title":"Protecci\u00f3n de datos - Secretariat Dioces\u00e0 de Turisme, Peregrinacions i Santuaris","og_description":"1.- DERECHO DE INFORMACI\u00d3N En aplicaci\u00f3n de lo dispuesto en los art\u00edculos 11 de la Ley Org\u00e1nica 3\/2018, de 5 de diciembre, de Protecci\u00f3n de Datos [\u2026]","og_url":"https:\/\/turisme.esglesia.barcelona\/es\/proteccion-de-datos\/","og_site_name":"Secretariat Dioces\u00e0 de Turisme, Peregrinacions i Santuaris","twitter_card":"summary_large_image","twitter_misc":{"Tiempo de lectura":"7 minutos"},"schema":{"@context":"https:\/\/schema.org","@graph":[{"@type":"WebPage","@id":"https:\/\/turisme.esglesia.barcelona\/es\/proteccion-de-datos\/","url":"https:\/\/turisme.esglesia.barcelona\/es\/proteccion-de-datos\/","name":"Protecci\u00f3n de datos - Secretariat Dioces\u00e0 de Turisme, Peregrinacions i Santuaris","isPartOf":{"@id":"https:\/\/turisme.esglesia.barcelona\/#website"},"datePublished":"2021-03-04T10:09:43+00:00","dateModified":"2021-03-04T10:09:43+00:00","breadcrumb":{"@id":"https:\/\/turisme.esglesia.barcelona\/es\/proteccion-de-datos\/#breadcrumb"},"inLanguage":"es","potentialAction":[{"@type":"ReadAction","target":["https:\/\/turisme.esglesia.barcelona\/es\/proteccion-de-datos\/"]}]},{"@type":"BreadcrumbList","@id":"https:\/\/turisme.esglesia.barcelona\/es\/proteccion-de-datos\/#breadcrumb","itemListElement":[{"@type":"ListItem","position":1,"name":"Inici","item":"https:\/\/turisme.esglesia.barcelona\/es\/"},{"@type":"ListItem","position":2,"name":"Protecci\u00f3n de datos"}]},{"@type":"WebSite","@id":"https:\/\/turisme.esglesia.barcelona\/#website","url":"https:\/\/turisme.esglesia.barcelona\/","name":"Secretariat Dioces\u00e0 de Turisme, Peregrinacions i Santuaris","description":"Secretariat Dioces\u00e0 de Turisme, Peregrinacions i Santuaris","potentialAction":[{"@type":"SearchAction","target":{"@type":"EntryPoint","urlTemplate":"https:\/\/turisme.esglesia.barcelona\/?s={search_term_string}"},"query-input":"required name=search_term_string"}],"inLanguage":"es"}]}},"_links":{"self":[{"href":"https:\/\/turisme.esglesia.barcelona\/es\/wp-json\/wp\/v2\/pages\/1992"}],"collection":[{"href":"https:\/\/turisme.esglesia.barcelona\/es\/wp-json\/wp\/v2\/pages"}],"about":[{"href":"https:\/\/turisme.esglesia.barcelona\/es\/wp-json\/wp\/v2\/types\/page"}],"author":[{"embeddable":true,"href":"https:\/\/turisme.esglesia.barcelona\/es\/wp-json\/wp\/v2\/users\/1"}],"replies":[{"embeddable":true,"href":"https:\/\/turisme.esglesia.barcelona\/es\/wp-json\/wp\/v2\/comments?post=1992"}],"version-history":[{"count":0,"href":"https:\/\/turisme.esglesia.barcelona\/es\/wp-json\/wp\/v2\/pages\/1992\/revisions"}],"wp:attachment":[{"href":"https:\/\/turisme.esglesia.barcelona\/es\/wp-json\/wp\/v2\/media?parent=1992"}],"curies":[{"name":"wp","href":"https:\/\/api.w.org\/{rel}","templated":true}]}}