{"id":2912,"date":"2023-06-23T09:02:26","date_gmt":"2023-06-23T07:02:26","guid":{"rendered":"https:\/\/turisme.esglesia.barcelona\/?page_id=2912"},"modified":"2023-07-11T11:09:10","modified_gmt":"2023-07-11T09:09:10","slug":"barcino-sacra","status":"publish","type":"page","link":"https:\/\/turisme.esglesia.barcelona\/es\/barcino-sacra\/","title":{"rendered":"Barcino Sacra"},"content":{"rendered":"<p>[vc_row full_width=\u00bbstretch_row\u00bb content_placement=\u00bbmiddle\u00bb css=\u00bb.vc_custom_1687506712769{background-color: #ed0000 !important;}\u00bb][vc_column][vc_column_text]<span style=\"color: #ffffff;\"><a style=\"color: #ffffff;\" href=\"#inici\">Inicio<\/a> | <a style=\"color: #ffffff;\" href=\"#espais\">Espacios<\/a> | <a style=\"color: #ffffff;\" href=\"#horaris\">Horarios<\/a> | <a style=\"color: #ffffff;\" href=\"#normes\">Normativa<\/a>\u00a0| <a style=\"color: #ffffff;\" href=\"https:\/\/tickets.esglesia.barcelona\/es\/\" target=\"_blank\" rel=\"noopener\">Entradas<\/a><\/span>[\/vc_column_text][\/vc_column][\/vc_row][vc_row gap=\u00bb10&#8243; css=\u00bb.vc_custom_1687508970366{margin-top: 5% !important;}\u00bb el_id=\u00bbinici\u00bb][vc_column width=\u00bb2\/3&#8243;][vc_column_text]<\/p>\n<h1>Barcino Sacra<\/h1>\n<h2>Proyecto de gesti\u00f3n cultural del patrimonio eclesi\u00e1stico del Arzobispado de Barcelona<\/h2>\n<p>Barcino Sacra es un proyecto cultural del Arzobispado de Barcelona que pretende facilitar el acceso al patrimonio de la Iglesia, explica\u0301ndolo en todas sus dimensiones, de manera razonada y global.<\/p>\n<p>Barcino Sacra resalta los valores y la finalidad propios del patrimonio, pedago\u0301gicamente, para favorecer tanto el crecimiento personal como el intelectual y el espiritual de quien quiera acercarse.<\/p>\n<p>Barcino Sacra vela por la preservacio\u0301n y la conservacio\u0301n del patrimonio cultural diocesano, de forma solidaria y aumentando, a su vez, la oferta cultural de la ciudad.<\/p>\n<p>Barcino Sacra es un proyecto conjunto del Secretariado diocesano de patrimonio cultural y del Secretariado diocesano de turismo, peregrinaciones y santuarios, dentro de la Delegacio\u0301n de Fe y Cultura del Arzobispado de Barcelona, en coordinacio\u0301n con las diversas iglesias que en e\u0301l esta\u0301n incluidas.[\/vc_column_text][\/vc_column][vc_column width=\u00bb1\/3&#8243;][vc_single_image image=\u00bb2412&#8243; img_size=\u00bbfull\u00bb alignment=\u00bbcenter\u00bb onclick=\u00bbcustom_link\u00bb img_link_target=\u00bb_blank\u00bb link=\u00bbhttps:\/\/tickets.esglesia.barcelona\/\u00bb][\/vc_column][\/vc_row][vc_row full_width=\u00bbstretch_row\u00bb css=\u00bb.vc_custom_1687508981065{background-color: #f7f7f7 !important;}\u00bb el_id=\u00bbespais\u00bb][vc_column][vc_row_inner][vc_column_inner][vc_column_text]<\/p>\n<h1>Espais<\/h1>\n<p>[\/vc_column_text][\/vc_column_inner][\/vc_row_inner][vc_row_inner][vc_column_inner width=\u00bb1\/4&#8243;][vc_single_image image=\u00bb2969&#8243; img_size=\u00bbfull\u00bb][\/vc_column_inner][vc_column_inner width=\u00bb3\/4&#8243;][vc_column_text]<\/p>\n<h2>CATEDRAL DE BARCELONA<\/h2>\n<p>En 1298, gracias a las aportaciones de burgueses y fieles m\u00e1s modestos comienzan las obras de la actual Catedral de Barcelona. Para poder continuar con el culto, la anterior iglesia se fue derribando a medida que la otra se iba construyendo. Esta construcci\u00f3n dio mucha prosperidad a la ciudad ya los gremios. En el interior las obras duraron otros 150 a\u00f1os y no es hasta el s. XIX que el burgu\u00e9s Manuel Girona paga la construcci\u00f3n de la fachada actual a partir de los planos de la Edad Media.<\/p>\n<p>En esta visita podr\u00e1 admirar todas las joyas de la Catedral de Barcelona, destacando el Coro, las terrazas, el claustro, la Sala Capitular con piezas tan importantes como la Piedad Despl\u00e0, o capillas tan interesantes como la de San Marcos o la de la Virgen de la Merced.[\/vc_column_text][\/vc_column_inner][\/vc_row_inner][vc_row_inner][vc_column_inner width=\u00bb1\/4&#8243;][vc_single_image image=\u00bb2942&#8243; img_size=\u00bbfull\u00bb][\/vc_column_inner][vc_column_inner width=\u00bb3\/4&#8243;][vc_column_text]<\/p>\n<h2>CASA DE LA PIA ALMOINA<\/h2>\n<p>El edificio de la Almoina fue la sede de la Pia Almoina, la instituci\u00f3n caritativa de la Catedral, del siglo XV al XIX.<\/p>\n<p>Actualmente es sede del Museo Diocesano de Barcelona, con una colecci\u00f3n permanente de obras de arte sacro de diferentes \u00e9pocas, como el \u00e1bside rom\u00e1nico de la iglesia de Sant Salvador de Poliny\u00e0 o la arqueta de Sant Cugat.[\/vc_column_text][\/vc_column_inner][\/vc_row_inner][vc_row_inner][vc_column_inner width=\u00bb1\/4&#8243;][vc_single_image image=\u00bb2954&#8243; img_size=\u00bbfull\u00bb][\/vc_column_inner][vc_column_inner width=\u00bb3\/4&#8243;][vc_column_text]<\/p>\n<h2>BAS\u00cdLICA DE SANTA MAR\u00cdA DEL MAR<\/h2>\n<p>La parroquia se documenta en el siglo X con el nombre de Santa Mar\u00eda de las Arenas, el lugar donde el obispo Frodoino encontr\u00f3 las reliquias de santa Eulalia (877). A partir del a\u00f1o 1005 ya aparece con el nombre de Santa Mar\u00eda \u00abde ipsa Mare\u00bb, parroquia de la Vilanova del Mar, barrio de mercaderes y gente de mar.<\/p>\n<p>A ra\u00edz de la gran pujanza econ\u00f3mica en los siglos XIII y XIV, se decidi\u00f3 la construcci\u00f3n de una nueva iglesia que hoy se considera uno de los grandes ejemplos del g\u00f3tico catal\u00e1n. Se consagr\u00f3 en 1383 y las obras terminaron en 1390.[\/vc_column_text][\/vc_column_inner][\/vc_row_inner][vc_row_inner][vc_column_inner width=\u00bb1\/4&#8243;][vc_single_image image=\u00bb2957&#8243; img_size=\u00bbfull\u00bb][\/vc_column_inner][vc_column_inner width=\u00bb3\/4&#8243;][vc_column_text]<\/p>\n<h2>BAS\u00cdLICA DE SANTA MAR\u00cdA DEL PI<\/h2>\n<p>Esta parroquia naci\u00f3 vinculada a uno de los burgos surgidos alrededor de la Barcelona medieval, documentada a partir del siglo X. Posiblemente en ese momento era una peque\u00f1a capilla, que fue adquiriendo prerrogativas y extendiendo su dominio. A partir del siglo XIV crece en importancia y se convierte en una de las parroquias principales de la ciudad.<\/p>\n<p>La iglesia que se conserva actualmente es una construcci\u00f3n g\u00f3tica de una sola nave, realizada entre los a\u00f1os 1319 y 1453.[\/vc_column_text][\/vc_column_inner][\/vc_row_inner][vc_row_inner][vc_column_inner width=\u00bb1\/4&#8243;][vc_single_image image=\u00bb2960&#8243; img_size=\u00bbfull\u00bb][\/vc_column_inner][vc_column_inner width=\u00bb3\/4&#8243;][vc_column_text]<\/p>\n<h2>MONASTERIO DE SANT PAU DEL CAMP<\/h2>\n<p>Sant Pau del Camp es un espacio por descubrir, un cobijo de paz en medio del barrio del Raval. M\u00e1s de 900 a\u00f1os de historia compendiados en un edificio cuya magn\u00edfica arquitectura recoge la vida azarosa de la ciudad de Barcelona, con un ambiente de recogimiento y una quietud capaces de hacernos retroceder en el tiempo.[\/vc_column_text][\/vc_column_inner][\/vc_row_inner][vc_row_inner][vc_column_inner width=\u00bb1\/4&#8243;][vc_single_image image=\u00bb2963&#8243; img_size=\u00bbfull\u00bb][\/vc_column_inner][vc_column_inner width=\u00bb3\/4&#8243;][vc_column_text]<\/p>\n<h2>SAN FELIPE NERI<\/h2>\n<p>Este oratorio de estilo barroco fue construido entre 1721 y 1752 para servir de templo en la Congregaci\u00f3n del Oratorio de San Felipe Neri, que ya ten\u00edan un edificio en este lugar desde el a\u00f1o 1673.<\/p>\n<p>El interior del edificio conserva una serie de retablos y altares barrocos y neocl\u00e1sicos del siglo XIX, que siguen un proyecto de Nicolau Trav\u00e9, con la participaci\u00f3n de escultores como Salvador Gurri.<\/p>\n<p>Durante la Guerra Civil Espa\u00f1ola, el 30 de enero de 1938, la estructura del templo y la fachada barroca sufrieron grandes da\u00f1os a causa de un bombardeo por parte de la aviaci\u00f3n fascista italiana; hoy todav\u00eda podemos ver los restos de los impactos en la fachada y la metralla en el interior del Cristo del altar mayor.[\/vc_column_text][\/vc_column_inner][\/vc_row_inner][vc_row_inner][vc_column_inner width=\u00bb1\/4&#8243;][vc_single_image image=\u00bb2966&#8243; img_size=\u00bbfull\u00bb][\/vc_column_inner][vc_column_inner width=\u00bb3\/4&#8243;][vc_column_text]<\/p>\n<h2>SAGRADO CORAZ\u00d3N DEL TIBIDABO<\/h2>\n<p>El templo expiatorio del Sagrado Coraz\u00f3n es obra del arquitecto modernista Enric Sagnier, comenzada en diciembre de 1902 y terminada en 1961.<\/p>\n<p>Goza de una de las mejores vistas de la ciudad de Barcelona, a 575 metros sobre el nivel del mar, y una incre\u00edble puesta de sol desde las terrazas.<\/p>\n<p>El templo consta de dos partes bien diferenciadas, la iglesia inferior y la iglesia superior, y combina un estilo neorrom\u00e1nico con estilo un neog\u00f3tico. El conjunto queda coronado por una estatua de bronce del Sagrado Coraz\u00f3n de Jes\u00fas.[\/vc_column_text][\/vc_column_inner][\/vc_row_inner][vc_row_inner][vc_column_inner width=\u00bb1\/4&#8243;][vc_single_image image=\u00bb2972&#8243; img_size=\u00bbfull\u00bb][\/vc_column_inner][vc_column_inner width=\u00bb3\/4&#8243;][vc_column_text]<\/p>\n<h2>MONASTERIO DE SANT PERE DE LES PUEL\u00b7LES<\/h2>\n<p>Monasterio benedictino fundado en 945, es uno de los pocos ejemplos de rom\u00e1nico en la ciudad de Barcelona. Fue casa de la primera comunidad femenina de la ciudad de Barcelona y la segunda de Catalu\u00f1a. Sin embargo, del edificio original s\u00f3lo se conserva la iglesia, debido a muchos destrozos a lo largo de los siglos.<\/p>\n<p>Gran parte del patrimonio que todav\u00eda se conserva ha migrado, pero todav\u00eda puede admirar unas impostas decoradas que proceden de la iglesia primitiva de Sant Sadurn\u00ed. El espacio central est\u00e1 cubierto por una magn\u00edfica c\u00fapula, tiene tres naves y tres \u00e1bsides semicirculares.[\/vc_column_text][\/vc_column_inner][\/vc_row_inner][vc_row_inner][vc_column_inner][vc_column_text]<div id=\"wp_osm_\" class=\"wp_osm\" style=\"width: 100%; height: 500px\" data-lon=\"5071450\" data-lat=\"240255\" data-zoom=\"13\">\r\n\r\n\t<div class=\"ol-popup\">\r\n\r\n\t    <a href=\"#\" class=\"ol-popup-closer\"><\/a>\r\n\r\n\t    <div class=\"popup-content\"><\/div>\r\n\r\n\t<\/div>\r\n\r\n\t<div class=\"marker\" data-icon=\"https:\/\/turisme.esglesia.barcelona\/wp-content\/plugins\/wp-open-street-map\/images\/markers\/marker.png\" data-lon=\"242267\" data-lat=\"5069150\" data-name=\"Catedral de Barcelona\" data-description=\"Catedral de Barcelona\"><\/div><div class=\"marker\" data-icon=\"https:\/\/turisme.esglesia.barcelona\/wp-content\/plugins\/wp-open-street-map\/images\/markers\/marker.png\" data-lon=\"242260\" data-lat=\"5069230\" data-name=\"Casa de l&#039;Almoina\" data-description=\"Casa de l&#039;Almoina\"><\/div><div class=\"marker\" data-icon=\"https:\/\/turisme.esglesia.barcelona\/wp-content\/plugins\/wp-open-street-map\/images\/markers\/marker.png\" data-lon=\"242880\" data-lat=\"5069070\" data-name=\"Bas\u00edlica Santa Mar\u00eda del Mar\" data-description=\"Bas\u00edlica Santa Mar\u00eda del Mar\"><\/div><div class=\"marker\" data-icon=\"https:\/\/turisme.esglesia.barcelona\/wp-content\/plugins\/wp-open-street-map\/images\/markers\/marker.png\" data-lon=\"241982\" data-lat=\"5068890\" data-name=\"Bas\u00edlica de Santa Mar\u00eda del Pi\" data-description=\"Bas\u00edlica de Santa Mar\u00eda del Pi\"><\/div><div class=\"marker\" data-icon=\"https:\/\/turisme.esglesia.barcelona\/wp-content\/plugins\/wp-open-street-map\/images\/markers\/marker.png\" data-lon=\"241509\" data-lat=\"5068020\" data-name=\"Antic Monestir de Sant Pau del Camp\" data-description=\"Antic Monestir de Sant Pau del Camp\"><\/div><div class=\"marker\" data-icon=\"https:\/\/turisme.esglesia.barcelona\/wp-content\/plugins\/wp-open-street-map\/images\/markers\/marker.png\" data-lon=\"242112\" data-lat=\"5069060\" data-name=\"Sant Felip Neri\" data-description=\"Sant Felip Neri\"><\/div><div class=\"marker\" data-icon=\"https:\/\/turisme.esglesia.barcelona\/wp-content\/plugins\/wp-open-street-map\/images\/markers\/marker.png\" data-lon=\"235872\" data-lat=\"5074790\" data-name=\"Sagrat Cor del Tibidabo\" data-description=\"Sagrat Cor del Tibidabo\"><\/div><div class=\"marker\" data-icon=\"https:\/\/turisme.esglesia.barcelona\/wp-content\/plugins\/wp-open-street-map\/images\/markers\/marker.png\" data-lon=\"242537\" data-lat=\"5069980\" data-name=\"Monestir de Sant Pere de les Puel\u00b7les\" data-description=\"Monestir de Sant Pere de les Puel\u00b7les\"><\/div>\r\n<\/div>[\/vc_column_text][\/vc_column_inner][\/vc_row_inner][\/vc_column][\/vc_row][vc_row full_width=\u00bbstretch_row\u00bb gap=\u00bb10&#8243; css=\u00bb.vc_custom_1687509282377{background-color: #ed0000 !important;}\u00bb el_id=\u00bbhoraris\u00bb][vc_column][vc_column_text]<\/p>\n<h1><span style=\"color: #ffffff;\">Horarios<\/span><\/h1>\n<p><span style=\"color: #ffffff;\">Horario general de lunes a s\u00e1bado de 10h a 18h. Algunos espacios pueden variar su horario por cuestiones lit\u00fargicas o de fuerza mayor. Pueden comprobar los horarios de cada espacio <a href=\"https:\/\/tickets.esglesia.barcelona\/es\/\" target=\"_blank\" rel=\"noopener\"><span style=\"color: #ffffff;\"><b>aqu\u00ed<\/b><\/span><\/a>.<\/span>[\/vc_column_text][\/vc_column][\/vc_row][vc_row gap=\u00bb10&#8243; el_id=\u00bbnormes\u00bb][vc_column][vc_column_text]<\/p>\n<h1>Normativa<\/h1>\n<h2>Normas generales de acceso al templo<\/h2>\n<ul>\n<li>La organizaci\u00f3n se reserva el derecho de admisi\u00f3n.<\/li>\n<li>Durante los controles de seguridad en la entrada del templo, el visitante ser\u00e1 sometido a la revisi\u00f3n de las bolsas, mochilas, equipajes y efectos personales.<\/li>\n<li>Los ni\u00f1os menores de 16 a\u00f1os siempre deben ir acompa\u00f1ados de un<\/li>\n<li>adulto para acceder al sitio.<\/li>\n<li>Una vez validado el billete, ya no ser\u00e1 posible salir y volver al recinto de la catedral.<\/li>\n<li>Para beneficiarse de los descuentos, es necesario presentar la documentaci\u00f3n correspondiente, que ser\u00e1 validada por el personal de control de acceso. No se permite la entrada de animales en el recinto de la catedral, excepto en el caso de los perros lazarillos.<\/li>\n<li>Por razones de seguridad, el uso de sombreros y gorras no est\u00e1 permitido, excepto por razones religiosas o de salud.<\/li>\n<li>No se permite el acceso descalzo.<\/li>\n<li>Se requiere vestir decorosamente.<\/li>\n<\/ul>\n<h2>Pol\u00edtica de devoluciones<\/h2>\n<ul>\n<li>Una vez adquiridas las entradas no se hacen devoluciones, excepto en el caso de una incidencia atribuible a la organizaci\u00f3n que impida el acceso al recinto.<\/li>\n<li>En el caso de impedimento al acceso, se proceder\u00e1 al cambio de fecha o a la devoluci\u00f3n, seg\u00fan preferencia del usuario.<\/li>\n<li>La devoluci\u00f3n del importe se realizar\u00e1 con el mismo m\u00e9todo que se usara en el pagamiento.<\/li>\n<\/ul>\n<p>[\/vc_column_text][\/vc_column][\/vc_row][vc_row full_width=\u00bbstretch_row\u00bb gap=\u00bb10&#8243; css=\u00bb.vc_custom_1687512066587{background-color: #ed0000 !important;}\u00bb el_id=\u00bbentrades\u00bb][vc_column width=\u00bb2\/3&#8243;][vc_column_text]<\/p>\n<h1><span style=\"color: #ffffff;\">Entradas y actividades culturales<\/span><\/h1>\n<p>[\/vc_column_text][\/vc_column][vc_column width=\u00bb1\/3&#8243;][vc_btn title=\u00bbComprar\u00bb color=\u00bbwhite\u00bb i_icon_fontawesome=\u00bbfas fa-ticket-alt\u00bb add_icon=\u00bbtrue\u00bb link=\u00bburl:https%3A%2F%2Ftickets.esglesia.barcelona%2Fes%2F|target:_blank\u00bb][\/vc_column][\/vc_row]<\/p>\n","protected":false},"excerpt":{"rendered":"<p>[vc_row full_width=\u00bbstretch_row\u00bb content_placement=\u00bbmiddle\u00bb css=\u00bb.vc_custom_1687506712769{background-color: #ed0000 !important;}\u00bb][vc_column][vc_column_text]Inicio | Espacios | Horarios | Normativa\u00a0| Entradas[\/vc_column_text][\/vc_column][\/vc_row][vc_row gap=\u00bb10&#8243; css=\u00bb.vc_custom_1687508970366{margin-top: 5% !important;}\u00bb el_id=\u00bbinici\u00bb][vc_column width=\u00bb2\/3&#8243;][vc_column_text] Barcino Sacra Proyecto de gesti\u00f3n cultural del<span class=\"excerpt-hellip\"> [\u2026]<\/span><\/p>\n","protected":false},"author":1,"featured_media":0,"parent":0,"menu_order":0,"comment_status":"closed","ping_status":"closed","template":"","meta":[],"acf":[],"yoast_head":"<!-- This site is optimized with the Yoast SEO plugin v20.2.1 - https:\/\/yoast.com\/wordpress\/plugins\/seo\/ -->\n<title>Barcino Sacra - Secretariat Dioces\u00e0 de Turisme, Peregrinacions i Santuaris<\/title>\n<meta name=\"robots\" content=\"index, follow, max-snippet:-1, max-image-preview:large, max-video-preview:-1\" \/>\n<link rel=\"canonical\" href=\"https:\/\/turisme.esglesia.barcelona\/es\/barcino-sacra\/\" \/>\n<meta property=\"og:locale\" content=\"es_ES\" \/>\n<meta property=\"og:type\" content=\"article\" \/>\n<meta property=\"og:title\" content=\"Barcino Sacra - Secretariat Dioces\u00e0 de Turisme, Peregrinacions i Santuaris\" \/>\n<meta property=\"og:description\" content=\"[vc_row full_width=\u00bbstretch_row\u00bb content_placement=\u00bbmiddle\u00bb css=\u00bb.vc_custom_1687506712769{background-color: #ed0000 !important;}\u00bb][vc_column][vc_column_text]Inicio | Espacios | Horarios | Normativa\u00a0| Entradas[\/vc_column_text][\/vc_column][\/vc_row][vc_row gap=\u00bb10&#8243; css=\u00bb.vc_custom_1687508970366{margin-top: 5% !important;}\u00bb el_id=\u00bbinici\u00bb][vc_column width=\u00bb2\/3&#8243;][vc_column_text] Barcino Sacra Proyecto de gesti\u00f3n cultural del [\u2026]\" \/>\n<meta property=\"og:url\" content=\"https:\/\/turisme.esglesia.barcelona\/es\/barcino-sacra\/\" \/>\n<meta property=\"og:site_name\" content=\"Secretariat Dioces\u00e0 de Turisme, Peregrinacions i Santuaris\" \/>\n<meta property=\"article:modified_time\" content=\"2023-07-11T09:09:10+00:00\" \/>\n<meta name=\"twitter:card\" content=\"summary_large_image\" \/>\n<meta name=\"twitter:label1\" content=\"Tiempo de lectura\" \/>\n\t<meta name=\"twitter:data1\" content=\"7 minutos\" \/>\n<script type=\"application\/ld+json\" class=\"yoast-schema-graph\">{\"@context\":\"https:\/\/schema.org\",\"@graph\":[{\"@type\":\"WebPage\",\"@id\":\"https:\/\/turisme.esglesia.barcelona\/es\/barcino-sacra\/\",\"url\":\"https:\/\/turisme.esglesia.barcelona\/es\/barcino-sacra\/\",\"name\":\"Barcino Sacra - Secretariat Dioces\u00e0 de Turisme, Peregrinacions i Santuaris\",\"isPartOf\":{\"@id\":\"https:\/\/turisme.esglesia.barcelona\/#website\"},\"datePublished\":\"2023-06-23T07:02:26+00:00\",\"dateModified\":\"2023-07-11T09:09:10+00:00\",\"breadcrumb\":{\"@id\":\"https:\/\/turisme.esglesia.barcelona\/es\/barcino-sacra\/#breadcrumb\"},\"inLanguage\":\"es\",\"potentialAction\":[{\"@type\":\"ReadAction\",\"target\":[\"https:\/\/turisme.esglesia.barcelona\/es\/barcino-sacra\/\"]}]},{\"@type\":\"BreadcrumbList\",\"@id\":\"https:\/\/turisme.esglesia.barcelona\/es\/barcino-sacra\/#breadcrumb\",\"itemListElement\":[{\"@type\":\"ListItem\",\"position\":1,\"name\":\"Inici\",\"item\":\"https:\/\/turisme.esglesia.barcelona\/es\/\"},{\"@type\":\"ListItem\",\"position\":2,\"name\":\"Barcino Sacra\"}]},{\"@type\":\"WebSite\",\"@id\":\"https:\/\/turisme.esglesia.barcelona\/#website\",\"url\":\"https:\/\/turisme.esglesia.barcelona\/\",\"name\":\"Secretariat Dioces\u00e0 de Turisme, Peregrinacions i Santuaris\",\"description\":\"Secretariat Dioces\u00e0 de Turisme, Peregrinacions i Santuaris\",\"potentialAction\":[{\"@type\":\"SearchAction\",\"target\":{\"@type\":\"EntryPoint\",\"urlTemplate\":\"https:\/\/turisme.esglesia.barcelona\/?s={search_term_string}\"},\"query-input\":\"required name=search_term_string\"}],\"inLanguage\":\"es\"}]}<\/script>\n<!-- \/ Yoast SEO plugin. -->","yoast_head_json":{"title":"Barcino Sacra - Secretariat Dioces\u00e0 de Turisme, Peregrinacions i Santuaris","robots":{"index":"index","follow":"follow","max-snippet":"max-snippet:-1","max-image-preview":"max-image-preview:large","max-video-preview":"max-video-preview:-1"},"canonical":"https:\/\/turisme.esglesia.barcelona\/es\/barcino-sacra\/","og_locale":"es_ES","og_type":"article","og_title":"Barcino Sacra - Secretariat Dioces\u00e0 de Turisme, Peregrinacions i Santuaris","og_description":"[vc_row full_width=\u00bbstretch_row\u00bb content_placement=\u00bbmiddle\u00bb css=\u00bb.vc_custom_1687506712769{background-color: #ed0000 !important;}\u00bb][vc_column][vc_column_text]Inicio | Espacios | Horarios | Normativa\u00a0| Entradas[\/vc_column_text][\/vc_column][\/vc_row][vc_row gap=\u00bb10&#8243; css=\u00bb.vc_custom_1687508970366{margin-top: 5% !important;}\u00bb el_id=\u00bbinici\u00bb][vc_column width=\u00bb2\/3&#8243;][vc_column_text] Barcino Sacra Proyecto de gesti\u00f3n cultural del [\u2026]","og_url":"https:\/\/turisme.esglesia.barcelona\/es\/barcino-sacra\/","og_site_name":"Secretariat Dioces\u00e0 de Turisme, Peregrinacions i Santuaris","article_modified_time":"2023-07-11T09:09:10+00:00","twitter_card":"summary_large_image","twitter_misc":{"Tiempo de lectura":"7 minutos"},"schema":{"@context":"https:\/\/schema.org","@graph":[{"@type":"WebPage","@id":"https:\/\/turisme.esglesia.barcelona\/es\/barcino-sacra\/","url":"https:\/\/turisme.esglesia.barcelona\/es\/barcino-sacra\/","name":"Barcino Sacra - Secretariat Dioces\u00e0 de Turisme, Peregrinacions i Santuaris","isPartOf":{"@id":"https:\/\/turisme.esglesia.barcelona\/#website"},"datePublished":"2023-06-23T07:02:26+00:00","dateModified":"2023-07-11T09:09:10+00:00","breadcrumb":{"@id":"https:\/\/turisme.esglesia.barcelona\/es\/barcino-sacra\/#breadcrumb"},"inLanguage":"es","potentialAction":[{"@type":"ReadAction","target":["https:\/\/turisme.esglesia.barcelona\/es\/barcino-sacra\/"]}]},{"@type":"BreadcrumbList","@id":"https:\/\/turisme.esglesia.barcelona\/es\/barcino-sacra\/#breadcrumb","itemListElement":[{"@type":"ListItem","position":1,"name":"Inici","item":"https:\/\/turisme.esglesia.barcelona\/es\/"},{"@type":"ListItem","position":2,"name":"Barcino Sacra"}]},{"@type":"WebSite","@id":"https:\/\/turisme.esglesia.barcelona\/#website","url":"https:\/\/turisme.esglesia.barcelona\/","name":"Secretariat Dioces\u00e0 de Turisme, Peregrinacions i Santuaris","description":"Secretariat Dioces\u00e0 de Turisme, Peregrinacions i Santuaris","potentialAction":[{"@type":"SearchAction","target":{"@type":"EntryPoint","urlTemplate":"https:\/\/turisme.esglesia.barcelona\/?s={search_term_string}"},"query-input":"required name=search_term_string"}],"inLanguage":"es"}]}},"_links":{"self":[{"href":"https:\/\/turisme.esglesia.barcelona\/es\/wp-json\/wp\/v2\/pages\/2912"}],"collection":[{"href":"https:\/\/turisme.esglesia.barcelona\/es\/wp-json\/wp\/v2\/pages"}],"about":[{"href":"https:\/\/turisme.esglesia.barcelona\/es\/wp-json\/wp\/v2\/types\/page"}],"author":[{"embeddable":true,"href":"https:\/\/turisme.esglesia.barcelona\/es\/wp-json\/wp\/v2\/users\/1"}],"replies":[{"embeddable":true,"href":"https:\/\/turisme.esglesia.barcelona\/es\/wp-json\/wp\/v2\/comments?post=2912"}],"version-history":[{"count":10,"href":"https:\/\/turisme.esglesia.barcelona\/es\/wp-json\/wp\/v2\/pages\/2912\/revisions"}],"predecessor-version":[{"id":3020,"href":"https:\/\/turisme.esglesia.barcelona\/es\/wp-json\/wp\/v2\/pages\/2912\/revisions\/3020"}],"wp:attachment":[{"href":"https:\/\/turisme.esglesia.barcelona\/es\/wp-json\/wp\/v2\/media?parent=2912"}],"curies":[{"name":"wp","href":"https:\/\/api.w.org\/{rel}","templated":true}]}}