{"id":775,"date":"2020-03-03T10:09:35","date_gmt":"2020-03-03T09:09:35","guid":{"rendered":"http:\/\/turisme.esglesia.barcelona\/esdeveniments-religiosos\/"},"modified":"2021-02-17T17:20:40","modified_gmt":"2021-02-17T16:20:40","slug":"eventos-religiosos","status":"publish","type":"page","link":"https:\/\/turisme.esglesia.barcelona\/es\/eventos-religiosos\/","title":{"rendered":"Eventos religiosos"},"content":{"rendered":"<p>[vc_row][vc_column]<div class=\"fancy_heading fancy_heading_line\"><div class=\"fh-top\"><\/div><h1 class=\"title\">Enero<\/h1><\/div>\n[vc_column_text]13 de enero<\/p>\n<h3>San Antonio abad<\/h3>\n<ul>\n<li>Bendici\u00f3n de animales en diversas parroquias<\/li>\n<\/ul>\n<p>[\/vc_column_text]<div class=\"fancy_heading fancy_heading_line\"><div class=\"fh-top\"><\/div><h1 class=\"title\">Febrero<\/h1><\/div>\n[vc_column_text]11 de febrero<\/p>\n<h3>Nuestra Se\u00f1ora de Lourdes<\/h3>\n<ul>\n<li>Misa en la Catedral y procesi\u00f3n de torchas por el claustro<\/li>\n<\/ul>\n<p>[\/vc_column_text][vc_column_text]12 de febrero<\/p>\n<h3>Santa Eul\u00e1lia<\/h3>\n<ul>\n<li>Visita a la cripta dedicada a la santa en la Catedral<\/li>\n<li>Eul\u00e1lia: vida y passi\u00f3n<\/li>\n<\/ul>\n<p>[\/vc_column_text]<div class=\"fancy_heading fancy_heading_line\"><div class=\"fh-top\"><\/div><h1 class=\"title\">Abril<\/h1><div class=\"inside\">Setmana Santa<\/div><\/div>\n[vc_column_text]<\/p>\n<h3>Domingo de Ramos<\/h3>\n<ul>\n<li>\u00a0Benedicci\u00f3n de ramos y palmas en todas las iglesias<\/li>\n<\/ul>\n<h3>Jueves Santo<\/h3>\n<ul>\n<li>Celebraci\u00f3n de la \u00faltima Cena del Se\u00f1or en todas las iglesias<\/li>\n<\/ul>\n<h3>Viernes Santo<\/h3>\n<ul>\n<li>Celebraci\u00f3n de la pasi\u00f3n en todas las Iglesias<\/li>\n<li>Serm\u00f3n de las 7 palabras: pla de la Seu a las 15:00.<\/li>\n<li>Via Crucis en la mayor\u00eda de las iglesias<\/li>\n<li>Procesiones hasta la avenida de la catedral<\/li>\n<\/ul>\n<h3>Vigilia Pasqual<\/h3>\n<ul>\n<li>Celebraci\u00f3n lit\u00fargica a totes les esgl\u00e9sies<\/li>\n<\/ul>\n<p>[\/vc_column_text]<div class=\"fancy_heading fancy_heading_line\"><div class=\"fh-top\"><\/div><h1 class=\"title\">Maig<\/h1><\/div>\n[vc_column_text]11 de mayo<\/p>\n<h3>Sant Poncio<\/h3>\n<ul>\n<li>Misa y procesi\u00f3n del santo en la parroquia de San Agust\u00edn<\/li>\n<li>Mercado de herbolarios y artesanos frente a la parr\u00f3quia ena la calle Hospital<\/li>\n<li><a href=\"https:\/\/www.festacatalunya.cat\/articles-mostra-1724-cat-fira_de_sant_pony_de_barcelona.htm\">https:\/\/www.festacatalunya.cat\/articles-mostra-1724-cat-fira_de_sant_pony_de_barcelona.htm<\/a><\/li>\n<\/ul>\n<p>22 de mayo<\/p>\n<h3>Santa Rita<\/h3>\n<ul>\n<li>Bendici\u00f3n de roses en la parroquia de Sant Agust\u00ed de Barcelona<\/li>\n<\/ul>\n<p>[\/vc_column_text]<div class=\"fancy_heading fancy_heading_line\"><div class=\"fh-top\"><\/div><h1 class=\"title\">Juny<\/h1><\/div>\n[vc_column_text]<\/p>\n<h3>Corpus Christi<\/h3>\n<ul>\n<li>Misa\u00a0 en el pla de la Seu de Barcelona y procesi\u00f3n por las calles del centro de la ciudad<\/li>\n<li>Alfombras de flores en diversas poblaciones de la archidi\u00f3cesis<\/li>\n<\/ul>\n<p>[\/vc_column_text]<div class=\"fancy_heading fancy_heading_line\"><div class=\"fh-top\"><\/div><h1 class=\"title\">Juliol<\/h1><\/div>\n[vc_column_text]10 de julio<\/p>\n<h3>San Crist\u00f3bal<\/h3>\n<ul>\n<li>Bendici\u00f3n de autom\u00f3viles en diversas parroquias<\/li>\n<\/ul>\n<p>[\/vc_column_text]<div class=\"fancy_heading fancy_heading_line\"><div class=\"fh-top\"><\/div><h1 class=\"title\">Agost<\/h1><\/div>\n[vc_column_text]16 de agosto<\/p>\n<h3>Sant Roque<\/h3>\n<ul>\n<li>Sequito popupar desde la bas\u00edlica de Santa Maria del Pi hasta la Catedral<\/li>\n<li>Baile de honor en la Catedral y el palacio episcopal<\/li>\n<li>Fiesta mayor del barrio de la Catedral<\/li>\n<li><a href=\"https:\/\/ajuntament.barcelona.cat\/ciutatvella\/ca\/noticia\/els-actes-imperdibles-de-les-festes-de-sant-roc-2019_844032\" target=\"_blank\" rel=\"noopener noreferrer\">https:\/\/ajuntament.barcelona.cat\/ciutatvella\/ca\/noticia\/els-actes-imperdibles-de-les-festes-de-sant-roc-2019_844032<\/a><\/li>\n<\/ul>\n<p>[\/vc_column_text]<div class=\"fancy_heading fancy_heading_line\"><div class=\"fh-top\"><\/div><h1 class=\"title\">Desembre<\/h1><\/div>\n[vc_column_text]13 de diciembre<\/p>\n<h3>Santa Luc\u00eda<\/h3>\n<ul>\n<li>Veneraci\u00f3n de las reliquias de la santa en su capilla de la Catedral<\/li>\n<li>Feria navide\u00f1a de Santa Luc\u00eda<\/li>\n<\/ul>\n<p>[\/vc_column_text][\/vc_column][\/vc_row]<\/p>\n","protected":false},"excerpt":{"rendered":"<p>[vc_row][vc_column][vc_column_text]13 de enero San Antonio abad Bendici\u00f3n de animales en diversas parroquias [\/vc_column_text][vc_column_text]11 de febrero Nuestra Se\u00f1ora de Lourdes Misa en la Catedral y procesi\u00f3n de<span class=\"excerpt-hellip\"> [\u2026]<\/span><\/p>\n","protected":false},"author":1,"featured_media":0,"parent":0,"menu_order":0,"comment_status":"closed","ping_status":"closed","template":"","meta":[],"acf":[],"yoast_head":"<!-- This site is optimized with the Yoast SEO plugin v20.2.1 - https:\/\/yoast.com\/wordpress\/plugins\/seo\/ -->\n<title>Eventos religiosos - Secretariat Dioces\u00e0 de Turisme, Peregrinacions i Santuaris<\/title>\n<meta name=\"robots\" content=\"index, follow, max-snippet:-1, max-image-preview:large, max-video-preview:-1\" \/>\n<link rel=\"canonical\" href=\"https:\/\/turisme.esglesia.barcelona\/es\/eventos-religiosos\/\" \/>\n<meta property=\"og:locale\" content=\"es_ES\" \/>\n<meta property=\"og:type\" content=\"article\" \/>\n<meta property=\"og:title\" content=\"Eventos religiosos - Secretariat Dioces\u00e0 de Turisme, Peregrinacions i Santuaris\" \/>\n<meta property=\"og:description\" content=\"[vc_row][vc_column][vc_column_text]13 de enero San Antonio abad Bendici\u00f3n de animales en diversas parroquias [\/vc_column_text][vc_column_text]11 de febrero Nuestra Se\u00f1ora de Lourdes Misa en la Catedral y procesi\u00f3n de [\u2026]\" \/>\n<meta property=\"og:url\" content=\"https:\/\/turisme.esglesia.barcelona\/es\/eventos-religiosos\/\" \/>\n<meta property=\"og:site_name\" content=\"Secretariat Dioces\u00e0 de Turisme, Peregrinacions i Santuaris\" \/>\n<meta property=\"article:modified_time\" content=\"2021-02-17T16:20:40+00:00\" \/>\n<meta name=\"twitter:card\" content=\"summary_large_image\" \/>\n<meta name=\"twitter:label1\" content=\"Tiempo de lectura\" \/>\n\t<meta name=\"twitter:data1\" content=\"2 minutos\" \/>\n<script type=\"application\/ld+json\" class=\"yoast-schema-graph\">{\"@context\":\"https:\/\/schema.org\",\"@graph\":[{\"@type\":\"WebPage\",\"@id\":\"https:\/\/turisme.esglesia.barcelona\/es\/eventos-religiosos\/\",\"url\":\"https:\/\/turisme.esglesia.barcelona\/es\/eventos-religiosos\/\",\"name\":\"Eventos religiosos - Secretariat Dioces\u00e0 de Turisme, Peregrinacions i Santuaris\",\"isPartOf\":{\"@id\":\"https:\/\/turisme.esglesia.barcelona\/#website\"},\"datePublished\":\"2020-03-03T09:09:35+00:00\",\"dateModified\":\"2021-02-17T16:20:40+00:00\",\"breadcrumb\":{\"@id\":\"https:\/\/turisme.esglesia.barcelona\/es\/eventos-religiosos\/#breadcrumb\"},\"inLanguage\":\"es\",\"potentialAction\":[{\"@type\":\"ReadAction\",\"target\":[\"https:\/\/turisme.esglesia.barcelona\/es\/eventos-religiosos\/\"]}]},{\"@type\":\"BreadcrumbList\",\"@id\":\"https:\/\/turisme.esglesia.barcelona\/es\/eventos-religiosos\/#breadcrumb\",\"itemListElement\":[{\"@type\":\"ListItem\",\"position\":1,\"name\":\"Inici\",\"item\":\"https:\/\/turisme.esglesia.barcelona\/es\/\"},{\"@type\":\"ListItem\",\"position\":2,\"name\":\"Eventos religiosos\"}]},{\"@type\":\"WebSite\",\"@id\":\"https:\/\/turisme.esglesia.barcelona\/#website\",\"url\":\"https:\/\/turisme.esglesia.barcelona\/\",\"name\":\"Secretariat Dioces\u00e0 de Turisme, Peregrinacions i Santuaris\",\"description\":\"Secretariat Dioces\u00e0 de Turisme, Peregrinacions i Santuaris\",\"potentialAction\":[{\"@type\":\"SearchAction\",\"target\":{\"@type\":\"EntryPoint\",\"urlTemplate\":\"https:\/\/turisme.esglesia.barcelona\/?s={search_term_string}\"},\"query-input\":\"required name=search_term_string\"}],\"inLanguage\":\"es\"}]}<\/script>\n<!-- \/ Yoast SEO plugin. -->","yoast_head_json":{"title":"Eventos religiosos - Secretariat Dioces\u00e0 de Turisme, Peregrinacions i Santuaris","robots":{"index":"index","follow":"follow","max-snippet":"max-snippet:-1","max-image-preview":"max-image-preview:large","max-video-preview":"max-video-preview:-1"},"canonical":"https:\/\/turisme.esglesia.barcelona\/es\/eventos-religiosos\/","og_locale":"es_ES","og_type":"article","og_title":"Eventos religiosos - Secretariat Dioces\u00e0 de Turisme, Peregrinacions i Santuaris","og_description":"[vc_row][vc_column][vc_column_text]13 de enero San Antonio abad Bendici\u00f3n de animales en diversas parroquias [\/vc_column_text][vc_column_text]11 de febrero Nuestra Se\u00f1ora de Lourdes Misa en la Catedral y procesi\u00f3n de [\u2026]","og_url":"https:\/\/turisme.esglesia.barcelona\/es\/eventos-religiosos\/","og_site_name":"Secretariat Dioces\u00e0 de Turisme, Peregrinacions i Santuaris","article_modified_time":"2021-02-17T16:20:40+00:00","twitter_card":"summary_large_image","twitter_misc":{"Tiempo de lectura":"2 minutos"},"schema":{"@context":"https:\/\/schema.org","@graph":[{"@type":"WebPage","@id":"https:\/\/turisme.esglesia.barcelona\/es\/eventos-religiosos\/","url":"https:\/\/turisme.esglesia.barcelona\/es\/eventos-religiosos\/","name":"Eventos religiosos - Secretariat Dioces\u00e0 de Turisme, Peregrinacions i Santuaris","isPartOf":{"@id":"https:\/\/turisme.esglesia.barcelona\/#website"},"datePublished":"2020-03-03T09:09:35+00:00","dateModified":"2021-02-17T16:20:40+00:00","breadcrumb":{"@id":"https:\/\/turisme.esglesia.barcelona\/es\/eventos-religiosos\/#breadcrumb"},"inLanguage":"es","potentialAction":[{"@type":"ReadAction","target":["https:\/\/turisme.esglesia.barcelona\/es\/eventos-religiosos\/"]}]},{"@type":"BreadcrumbList","@id":"https:\/\/turisme.esglesia.barcelona\/es\/eventos-religiosos\/#breadcrumb","itemListElement":[{"@type":"ListItem","position":1,"name":"Inici","item":"https:\/\/turisme.esglesia.barcelona\/es\/"},{"@type":"ListItem","position":2,"name":"Eventos religiosos"}]},{"@type":"WebSite","@id":"https:\/\/turisme.esglesia.barcelona\/#website","url":"https:\/\/turisme.esglesia.barcelona\/","name":"Secretariat Dioces\u00e0 de Turisme, Peregrinacions i Santuaris","description":"Secretariat Dioces\u00e0 de Turisme, Peregrinacions i Santuaris","potentialAction":[{"@type":"SearchAction","target":{"@type":"EntryPoint","urlTemplate":"https:\/\/turisme.esglesia.barcelona\/?s={search_term_string}"},"query-input":"required name=search_term_string"}],"inLanguage":"es"}]}},"_links":{"self":[{"href":"https:\/\/turisme.esglesia.barcelona\/es\/wp-json\/wp\/v2\/pages\/775"}],"collection":[{"href":"https:\/\/turisme.esglesia.barcelona\/es\/wp-json\/wp\/v2\/pages"}],"about":[{"href":"https:\/\/turisme.esglesia.barcelona\/es\/wp-json\/wp\/v2\/types\/page"}],"author":[{"embeddable":true,"href":"https:\/\/turisme.esglesia.barcelona\/es\/wp-json\/wp\/v2\/users\/1"}],"replies":[{"embeddable":true,"href":"https:\/\/turisme.esglesia.barcelona\/es\/wp-json\/wp\/v2\/comments?post=775"}],"version-history":[{"count":6,"href":"https:\/\/turisme.esglesia.barcelona\/es\/wp-json\/wp\/v2\/pages\/775\/revisions"}],"predecessor-version":[{"id":1569,"href":"https:\/\/turisme.esglesia.barcelona\/es\/wp-json\/wp\/v2\/pages\/775\/revisions\/1569"}],"wp:attachment":[{"href":"https:\/\/turisme.esglesia.barcelona\/es\/wp-json\/wp\/v2\/media?parent=775"}],"curies":[{"name":"wp","href":"https:\/\/api.w.org\/{rel}","templated":true}]}}