{"id":783,"date":"2020-02-11T10:57:20","date_gmt":"2020-02-11T09:57:20","guid":{"rendered":"http:\/\/turisme.esglesia.barcelona\/musica-en-esglesies\/"},"modified":"2020-06-09T09:52:00","modified_gmt":"2020-06-09T07:52:00","slug":"musica-en-iglesias","status":"publish","type":"page","link":"https:\/\/turisme.esglesia.barcelona\/es\/musica-en-iglesias\/","title":{"rendered":"M\u00fasica en iglesias"},"content":{"rendered":"<p>[vc_row][vc_column]<div class=\"column_filters\"><div class=\"blog_wrapper isotope_wrapper clearfix\"><div class=\"posts_group element_classes lm_wrapper col-3 grid hide-more\"><div class=\"post-item isotope-item clearfix post-907 post type-post status-publish format-standard has-post-thumbnail hentry category-n-musica-en-iglesias\" style=\"\"><div class=\"date_label\">18 de febrero de 2021<\/div><div class=\"image_frame post-photo-wrapper scale-with-grid image\"><div class=\"image_wrapper\"><a href=\"https:\/\/turisme.esglesia.barcelona\/es\/cicle-dorgue-a-la-catedral\/\"><div class=\"mask\"><\/div><img width=\"698\" height=\"458\" src=\"https:\/\/turisme.esglesia.barcelona\/wp-content\/uploads\/2020\/02\/orgue-de-la-catedral-.jpg\" class=\"scale-with-grid wp-post-image\" alt=\"\" decoding=\"async\" loading=\"lazy\" srcset=\"https:\/\/turisme.esglesia.barcelona\/wp-content\/uploads\/2020\/02\/orgue-de-la-catedral-.jpg 698w, https:\/\/turisme.esglesia.barcelona\/wp-content\/uploads\/2020\/02\/orgue-de-la-catedral--300x197.jpg 300w, https:\/\/turisme.esglesia.barcelona\/wp-content\/uploads\/2020\/02\/orgue-de-la-catedral--223x146.jpg 223w, https:\/\/turisme.esglesia.barcelona\/wp-content\/uploads\/2020\/02\/orgue-de-la-catedral--50x33.jpg 50w, https:\/\/turisme.esglesia.barcelona\/wp-content\/uploads\/2020\/02\/orgue-de-la-catedral--114x75.jpg 114w, https:\/\/turisme.esglesia.barcelona\/wp-content\/uploads\/2020\/02\/orgue-de-la-catedral--240x157.jpg 240w\" sizes=\"(max-width: 698px) 100vw, 698px\" \/><\/a><div class=\"image_links double\"><a class=\"zoom \"  rel=\"prettyphoto\" href=\"https:\/\/turisme.esglesia.barcelona\/wp-content\/uploads\/2020\/02\/orgue-de-la-catedral-.jpg\"><svg viewBox=\"0 0 26 26\"><defs><style>.path{fill:none;stroke:#333;stroke-miterlimit:10;stroke-width:1.5px;}<\/style><\/defs><circle cx=\"11.35\" cy=\"11.35\" r=\"6\" class=\"path\"><\/circle><line x1=\"15.59\" y1=\"15.59\" x2=\"20.65\" y2=\"20.65\" class=\"path\"><\/line><\/svg><\/a><a class=\"link \"  href=\"https:\/\/turisme.esglesia.barcelona\/es\/cicle-dorgue-a-la-catedral\/\"><svg viewBox=\"0 0 26 26\"><defs><style>.path{fill:none;stroke:#333;stroke-miterlimit:10;stroke-width:1.5px;}<\/style><\/defs><g><path d=\"M10.17,8.76l2.12-2.12a5,5,0,0,1,7.07,0h0a5,5,0,0,1,0,7.07l-2.12,2.12\" class=\"path\"><\/path><path d=\"M15.83,17.24l-2.12,2.12a5,5,0,0,1-7.07,0h0a5,5,0,0,1,0-7.07l2.12-2.12\" class=\"path\"><\/path><line x1=\"10.17\" y1=\"15.83\" x2=\"15.83\" y2=\"10.17\" class=\"path\"><\/line><\/g><\/svg><\/a><\/div><\/div><\/div><div class=\"post-desc-wrapper bg-\" style=\"\"><div class=\"post-desc\"><div class=\"post-head\"><div class=\"post-meta clearfix\"><div class=\"author-date\"><span class=\"date\"><i class=\"icon-clock\" aria-label=\"published\"><\/i> <span class=\"post-date updated\">18 de febrero de 2021<\/span><\/span><\/div><div class=\"category\"><span class=\"cat-btn\">Categories <i class=\"icon-down-dir\" aria-hidden=\"true\"><\/i><\/span><div class=\"cat-wrapper\"><ul class=\"post-categories\">\n\t<li><a href=\"https:\/\/turisme.esglesia.barcelona\/es\/cat\/n-musica-en-iglesias\/\" rel=\"category tag\">M\u00fasica en iglesias<\/a><\/li><\/ul><\/div><\/div><\/div><\/div><div class=\"post-title\"><h2 class=\"entry-title\" itemprop=\"headline\"><a href=\"https:\/\/turisme.esglesia.barcelona\/es\/cicle-dorgue-a-la-catedral\/\">Ciclo de Organo en la Catedral de Barcelona<\/a><\/h2><\/div><div class=\"post-excerpt\">En la Catedral de Barcelona el \u00f3rgano acompa\u00f1a las celebraciones eucar\u00edsticas i la oraci\u00f3n del oficio divino i des del a\u00f1o 1990 se programan mensualmente conciertos<span class=\"excerpt-hellip\"> [\u2026]<\/span><\/div><\/div><\/div><\/div><div class=\"post-item isotope-item clearfix post-1587 post type-post status-publish format-standard has-post-thumbnail hentry category-n-musica-en-iglesias\" style=\"\"><div class=\"date_label\">18 de febrero de 2021<\/div><div class=\"image_frame post-photo-wrapper scale-with-grid image\"><div class=\"image_wrapper\"><a href=\"https:\/\/turisme.esglesia.barcelona\/es\/cicle-dorgue-a-sant-vicencs-de-sarria\/\"><div class=\"mask\"><\/div><img width=\"960\" height=\"720\" src=\"https:\/\/turisme.esglesia.barcelona\/wp-content\/uploads\/2021\/02\/sant-vicencs-de-sarria--960x720.jpg\" class=\"scale-with-grid wp-post-image\" alt=\"\" decoding=\"async\" loading=\"lazy\" srcset=\"https:\/\/turisme.esglesia.barcelona\/wp-content\/uploads\/2021\/02\/sant-vicencs-de-sarria--960x720.jpg 960w, https:\/\/turisme.esglesia.barcelona\/wp-content\/uploads\/2021\/02\/sant-vicencs-de-sarria--240x180.jpg 240w\" sizes=\"(max-width: 960px) 100vw, 960px\" \/><\/a><div class=\"image_links double\"><a class=\"zoom \"  rel=\"prettyphoto\" href=\"https:\/\/turisme.esglesia.barcelona\/wp-content\/uploads\/2021\/02\/sant-vicencs-de-sarria--1024x676.jpg\"><svg viewBox=\"0 0 26 26\"><defs><style>.path{fill:none;stroke:#333;stroke-miterlimit:10;stroke-width:1.5px;}<\/style><\/defs><circle cx=\"11.35\" cy=\"11.35\" r=\"6\" class=\"path\"><\/circle><line x1=\"15.59\" y1=\"15.59\" x2=\"20.65\" y2=\"20.65\" class=\"path\"><\/line><\/svg><\/a><a class=\"link \"  href=\"https:\/\/turisme.esglesia.barcelona\/es\/cicle-dorgue-a-sant-vicencs-de-sarria\/\"><svg viewBox=\"0 0 26 26\"><defs><style>.path{fill:none;stroke:#333;stroke-miterlimit:10;stroke-width:1.5px;}<\/style><\/defs><g><path d=\"M10.17,8.76l2.12-2.12a5,5,0,0,1,7.07,0h0a5,5,0,0,1,0,7.07l-2.12,2.12\" class=\"path\"><\/path><path d=\"M15.83,17.24l-2.12,2.12a5,5,0,0,1-7.07,0h0a5,5,0,0,1,0-7.07l2.12-2.12\" class=\"path\"><\/path><line x1=\"10.17\" y1=\"15.83\" x2=\"15.83\" y2=\"10.17\" class=\"path\"><\/line><\/g><\/svg><\/a><\/div><\/div><\/div><div class=\"post-desc-wrapper bg-\" style=\"\"><div class=\"post-desc\"><div class=\"post-head\"><div class=\"post-meta clearfix\"><div class=\"author-date\"><span class=\"date\"><i class=\"icon-clock\" aria-label=\"published\"><\/i> <span class=\"post-date updated\">18 de febrero de 2021<\/span><\/span><\/div><div class=\"category\"><span class=\"cat-btn\">Categories <i class=\"icon-down-dir\" aria-hidden=\"true\"><\/i><\/span><div class=\"cat-wrapper\"><ul class=\"post-categories\">\n\t<li><a href=\"https:\/\/turisme.esglesia.barcelona\/es\/cat\/n-musica-en-iglesias\/\" rel=\"category tag\">M\u00fasica en iglesias<\/a><\/li><\/ul><\/div><\/div><\/div><\/div><div class=\"post-title\"><h2 class=\"entry-title\" itemprop=\"headline\"><a href=\"https:\/\/turisme.esglesia.barcelona\/es\/cicle-dorgue-a-sant-vicencs-de-sarria\/\">Ciclo de \u00d3rgano en Sant Vicen\u00e7 de Sarri\u00e0<\/a><\/h2><\/div><div class=\"post-excerpt\">La parroquia de Sant Vicenc de Sarri\u00e0 inaugur\u00f3 con bendici\u00f3n solemne el 16 de noviembre de 2019, su nuevo \u00f3rgano al servici\u00f3 de las celebraciones lit\u00fargicas<span class=\"excerpt-hellip\"> [\u2026]<\/span><\/div><\/div><\/div><\/div><div class=\"post-item isotope-item clearfix post-919 post type-post status-publish format-standard has-post-thumbnail hentry category-n-musica-en-iglesias\" style=\"\"><div class=\"date_label\">11 de febrero de 2020<\/div><div class=\"image_frame post-photo-wrapper scale-with-grid image\"><div class=\"image_wrapper\"><a href=\"https:\/\/turisme.esglesia.barcelona\/es\/misses-polifoniques\/\"><div class=\"mask\"><\/div><img width=\"960\" height=\"563\" src=\"https:\/\/turisme.esglesia.barcelona\/wp-content\/uploads\/2020\/02\/mises-polifoniques-960x563.jpg\" class=\"scale-with-grid wp-post-image\" alt=\"\" decoding=\"async\" loading=\"lazy\" srcset=\"https:\/\/turisme.esglesia.barcelona\/wp-content\/uploads\/2020\/02\/mises-polifoniques-960x563.jpg 960w, https:\/\/turisme.esglesia.barcelona\/wp-content\/uploads\/2020\/02\/mises-polifoniques-50x28.jpg 50w\" sizes=\"(max-width: 960px) 100vw, 960px\" \/><\/a><div class=\"image_links double\"><a class=\"zoom \"  rel=\"prettyphoto\" href=\"https:\/\/turisme.esglesia.barcelona\/wp-content\/uploads\/2020\/02\/mises-polifoniques.jpg\"><svg viewBox=\"0 0 26 26\"><defs><style>.path{fill:none;stroke:#333;stroke-miterlimit:10;stroke-width:1.5px;}<\/style><\/defs><circle cx=\"11.35\" cy=\"11.35\" r=\"6\" class=\"path\"><\/circle><line x1=\"15.59\" y1=\"15.59\" x2=\"20.65\" y2=\"20.65\" class=\"path\"><\/line><\/svg><\/a><a class=\"link \"  href=\"https:\/\/turisme.esglesia.barcelona\/es\/misses-polifoniques\/\"><svg viewBox=\"0 0 26 26\"><defs><style>.path{fill:none;stroke:#333;stroke-miterlimit:10;stroke-width:1.5px;}<\/style><\/defs><g><path d=\"M10.17,8.76l2.12-2.12a5,5,0,0,1,7.07,0h0a5,5,0,0,1,0,7.07l-2.12,2.12\" class=\"path\"><\/path><path d=\"M15.83,17.24l-2.12,2.12a5,5,0,0,1-7.07,0h0a5,5,0,0,1,0-7.07l2.12-2.12\" class=\"path\"><\/path><line x1=\"10.17\" y1=\"15.83\" x2=\"15.83\" y2=\"10.17\" class=\"path\"><\/line><\/g><\/svg><\/a><\/div><\/div><\/div><div class=\"post-desc-wrapper bg-\" style=\"\"><div class=\"post-desc\"><div class=\"post-head\"><div class=\"post-meta clearfix\"><div class=\"author-date\"><span class=\"date\"><i class=\"icon-clock\" aria-label=\"published\"><\/i> <span class=\"post-date updated\">11 de febrero de 2020<\/span><\/span><\/div><div class=\"category\"><span class=\"cat-btn\">Categories <i class=\"icon-down-dir\" aria-hidden=\"true\"><\/i><\/span><div class=\"cat-wrapper\"><ul class=\"post-categories\">\n\t<li><a href=\"https:\/\/turisme.esglesia.barcelona\/es\/cat\/n-musica-en-iglesias\/\" rel=\"category tag\">M\u00fasica en iglesias<\/a><\/li><\/ul><\/div><\/div><\/div><\/div><div class=\"post-title\"><h2 class=\"entry-title\" itemprop=\"headline\"><a href=\"https:\/\/turisme.esglesia.barcelona\/es\/misses-polifoniques\/\">Misses polif\u00f2niques<\/a><\/h2><\/div><div class=\"post-excerpt\">El projecte de les Misses Polif\u00f2niques va sorgir el 2012 del prop\u00f2sit d\u2019un grup d\u2019amics d\u2019organitzar a Barcelona una temporada d\u2019audicions de m\u00fasica lit\u00fargica interpretada en<span class=\"excerpt-hellip\"> [\u2026]<\/span><\/div><\/div><\/div><\/div><div class=\"post-item isotope-item clearfix post-917 post type-post status-publish format-standard has-post-thumbnail hentry category-n-musica-en-iglesias\" style=\"\"><div class=\"date_label\">11 de febrero de 2020<\/div><div class=\"image_frame post-photo-wrapper scale-with-grid image\"><div class=\"image_wrapper\"><a href=\"https:\/\/turisme.esglesia.barcelona\/es\/missa-internacional-a-la-sagrada-familia\/\"><div class=\"mask\"><\/div><img width=\"960\" height=\"720\" src=\"https:\/\/turisme.esglesia.barcelona\/wp-content\/uploads\/2020\/02\/Cor-Francesc-Valls-concert-SF-960x720.jpg\" class=\"scale-with-grid wp-post-image\" alt=\"\" decoding=\"async\" loading=\"lazy\" srcset=\"https:\/\/turisme.esglesia.barcelona\/wp-content\/uploads\/2020\/02\/Cor-Francesc-Valls-concert-SF-960x720.jpg 960w, https:\/\/turisme.esglesia.barcelona\/wp-content\/uploads\/2020\/02\/Cor-Francesc-Valls-concert-SF-240x180.jpg 240w\" sizes=\"(max-width: 960px) 100vw, 960px\" \/><\/a><div class=\"image_links double\"><a class=\"zoom \"  rel=\"prettyphoto\" href=\"https:\/\/turisme.esglesia.barcelona\/wp-content\/uploads\/2020\/02\/Cor-Francesc-Valls-concert-SF-1024x683.jpg\"><svg viewBox=\"0 0 26 26\"><defs><style>.path{fill:none;stroke:#333;stroke-miterlimit:10;stroke-width:1.5px;}<\/style><\/defs><circle cx=\"11.35\" cy=\"11.35\" r=\"6\" class=\"path\"><\/circle><line x1=\"15.59\" y1=\"15.59\" x2=\"20.65\" y2=\"20.65\" class=\"path\"><\/line><\/svg><\/a><a class=\"link \"  href=\"https:\/\/turisme.esglesia.barcelona\/es\/missa-internacional-a-la-sagrada-familia\/\"><svg viewBox=\"0 0 26 26\"><defs><style>.path{fill:none;stroke:#333;stroke-miterlimit:10;stroke-width:1.5px;}<\/style><\/defs><g><path d=\"M10.17,8.76l2.12-2.12a5,5,0,0,1,7.07,0h0a5,5,0,0,1,0,7.07l-2.12,2.12\" class=\"path\"><\/path><path d=\"M15.83,17.24l-2.12,2.12a5,5,0,0,1-7.07,0h0a5,5,0,0,1,0-7.07l2.12-2.12\" class=\"path\"><\/path><line x1=\"10.17\" y1=\"15.83\" x2=\"15.83\" y2=\"10.17\" class=\"path\"><\/line><\/g><\/svg><\/a><\/div><\/div><\/div><div class=\"post-desc-wrapper bg-\" style=\"\"><div class=\"post-desc\"><div class=\"post-head\"><div class=\"post-meta clearfix\"><div class=\"author-date\"><span class=\"date\"><i class=\"icon-clock\" aria-label=\"published\"><\/i> <span class=\"post-date updated\">11 de febrero de 2020<\/span><\/span><\/div><div class=\"category\"><span class=\"cat-btn\">Categories <i class=\"icon-down-dir\" aria-hidden=\"true\"><\/i><\/span><div class=\"cat-wrapper\"><ul class=\"post-categories\">\n\t<li><a href=\"https:\/\/turisme.esglesia.barcelona\/es\/cat\/n-musica-en-iglesias\/\" rel=\"category tag\">M\u00fasica en iglesias<\/a><\/li><\/ul><\/div><\/div><\/div><\/div><div class=\"post-title\"><h2 class=\"entry-title\" itemprop=\"headline\"><a href=\"https:\/\/turisme.esglesia.barcelona\/es\/missa-internacional-a-la-sagrada-familia\/\">Missa internacional a la Sagrada Fam\u00edlia<\/a><\/h2><\/div><div class=\"post-excerpt\">Tots els dissabtes i vig\u00edlies de festa a les 20 h i tots els diumenges i festius a les 9 h. celebraci\u00f3 de la missa internacional\u00a0en<span class=\"excerpt-hellip\"> [\u2026]<\/span><\/div><\/div><\/div><\/div><div class=\"post-item isotope-item clearfix post-915 post type-post status-publish format-standard has-post-thumbnail hentry category-n-musica-en-iglesias\" style=\"\"><div class=\"date_label\">11 de febrero de 2020<\/div><div class=\"image_frame post-photo-wrapper scale-with-grid image\"><div class=\"image_wrapper\"><a href=\"https:\/\/turisme.esglesia.barcelona\/es\/missa-conventual-a-la-catedral\/\"><div class=\"mask\"><\/div><img width=\"960\" height=\"563\" src=\"https:\/\/turisme.esglesia.barcelona\/wp-content\/uploads\/2020\/02\/cor-de-cambra-960x563.jpg\" class=\"scale-with-grid wp-post-image\" alt=\"\" decoding=\"async\" loading=\"lazy\" srcset=\"https:\/\/turisme.esglesia.barcelona\/wp-content\/uploads\/2020\/02\/cor-de-cambra-960x563.jpg 960w, https:\/\/turisme.esglesia.barcelona\/wp-content\/uploads\/2020\/02\/cor-de-cambra-50x28.jpg 50w\" sizes=\"(max-width: 960px) 100vw, 960px\" \/><\/a><div class=\"image_links double\"><a class=\"zoom \"  rel=\"prettyphoto\" href=\"https:\/\/turisme.esglesia.barcelona\/wp-content\/uploads\/2020\/02\/cor-de-cambra.jpg\"><svg viewBox=\"0 0 26 26\"><defs><style>.path{fill:none;stroke:#333;stroke-miterlimit:10;stroke-width:1.5px;}<\/style><\/defs><circle cx=\"11.35\" cy=\"11.35\" r=\"6\" class=\"path\"><\/circle><line x1=\"15.59\" y1=\"15.59\" x2=\"20.65\" y2=\"20.65\" class=\"path\"><\/line><\/svg><\/a><a class=\"link \"  href=\"https:\/\/turisme.esglesia.barcelona\/es\/missa-conventual-a-la-catedral\/\"><svg viewBox=\"0 0 26 26\"><defs><style>.path{fill:none;stroke:#333;stroke-miterlimit:10;stroke-width:1.5px;}<\/style><\/defs><g><path d=\"M10.17,8.76l2.12-2.12a5,5,0,0,1,7.07,0h0a5,5,0,0,1,0,7.07l-2.12,2.12\" class=\"path\"><\/path><path d=\"M15.83,17.24l-2.12,2.12a5,5,0,0,1-7.07,0h0a5,5,0,0,1,0-7.07l2.12-2.12\" class=\"path\"><\/path><line x1=\"10.17\" y1=\"15.83\" x2=\"15.83\" y2=\"10.17\" class=\"path\"><\/line><\/g><\/svg><\/a><\/div><\/div><\/div><div class=\"post-desc-wrapper bg-\" style=\"\"><div class=\"post-desc\"><div class=\"post-head\"><div class=\"post-meta clearfix\"><div class=\"author-date\"><span class=\"date\"><i class=\"icon-clock\" aria-label=\"published\"><\/i> <span class=\"post-date updated\">11 de febrero de 2020<\/span><\/span><\/div><div class=\"category\"><span class=\"cat-btn\">Categories <i class=\"icon-down-dir\" aria-hidden=\"true\"><\/i><\/span><div class=\"cat-wrapper\"><ul class=\"post-categories\">\n\t<li><a href=\"https:\/\/turisme.esglesia.barcelona\/es\/cat\/n-musica-en-iglesias\/\" rel=\"category tag\">M\u00fasica en iglesias<\/a><\/li><\/ul><\/div><\/div><\/div><\/div><div class=\"post-title\"><h2 class=\"entry-title\" itemprop=\"headline\"><a href=\"https:\/\/turisme.esglesia.barcelona\/es\/missa-conventual-a-la-catedral\/\">Missa conventual a la Catedral<\/a><\/h2><\/div><div class=\"post-excerpt\">Tots els diumenges i festes a l\u2019altar Major Celebra l\u2019Excel\u00b7lent\u00edssim Cap\u00edtol de la Catedral El Cor de Cambra Francesc Valls participa de forma regular en les<span class=\"excerpt-hellip\"> [\u2026]<\/span><\/div><\/div><\/div><\/div><\/div><\/div>\n<\/div>\n[\/vc_column][\/vc_row]<\/p>\n","protected":false},"excerpt":{"rendered":"<p>[vc_row][vc_column][\/vc_column][\/vc_row]<\/p>\n","protected":false},"author":1,"featured_media":0,"parent":0,"menu_order":0,"comment_status":"closed","ping_status":"closed","template":"","meta":[],"acf":[],"yoast_head":"<!-- This site is optimized with the Yoast SEO plugin v20.2.1 - https:\/\/yoast.com\/wordpress\/plugins\/seo\/ -->\n<title>M\u00fasica en iglesias - Secretariat Dioces\u00e0 de Turisme, Peregrinacions i Santuaris<\/title>\n<meta name=\"robots\" content=\"index, follow, max-snippet:-1, max-image-preview:large, max-video-preview:-1\" \/>\n<link rel=\"canonical\" href=\"https:\/\/turisme.esglesia.barcelona\/es\/musica-en-iglesias\/\" \/>\n<meta property=\"og:locale\" content=\"es_ES\" \/>\n<meta property=\"og:type\" content=\"article\" \/>\n<meta property=\"og:title\" content=\"M\u00fasica en iglesias - Secretariat Dioces\u00e0 de Turisme, Peregrinacions i Santuaris\" \/>\n<meta property=\"og:description\" content=\"[vc_row][vc_column][\/vc_column][\/vc_row]\" \/>\n<meta property=\"og:url\" content=\"https:\/\/turisme.esglesia.barcelona\/es\/musica-en-iglesias\/\" \/>\n<meta property=\"og:site_name\" content=\"Secretariat Dioces\u00e0 de Turisme, Peregrinacions i Santuaris\" \/>\n<meta property=\"article:modified_time\" content=\"2020-06-09T07:52:00+00:00\" \/>\n<meta name=\"twitter:card\" content=\"summary_large_image\" \/>\n<script type=\"application\/ld+json\" class=\"yoast-schema-graph\">{\"@context\":\"https:\/\/schema.org\",\"@graph\":[{\"@type\":\"WebPage\",\"@id\":\"https:\/\/turisme.esglesia.barcelona\/es\/musica-en-iglesias\/\",\"url\":\"https:\/\/turisme.esglesia.barcelona\/es\/musica-en-iglesias\/\",\"name\":\"M\u00fasica en iglesias - Secretariat Dioces\u00e0 de Turisme, Peregrinacions i Santuaris\",\"isPartOf\":{\"@id\":\"https:\/\/turisme.esglesia.barcelona\/#website\"},\"datePublished\":\"2020-02-11T09:57:20+00:00\",\"dateModified\":\"2020-06-09T07:52:00+00:00\",\"breadcrumb\":{\"@id\":\"https:\/\/turisme.esglesia.barcelona\/es\/musica-en-iglesias\/#breadcrumb\"},\"inLanguage\":\"es\",\"potentialAction\":[{\"@type\":\"ReadAction\",\"target\":[\"https:\/\/turisme.esglesia.barcelona\/es\/musica-en-iglesias\/\"]}]},{\"@type\":\"BreadcrumbList\",\"@id\":\"https:\/\/turisme.esglesia.barcelona\/es\/musica-en-iglesias\/#breadcrumb\",\"itemListElement\":[{\"@type\":\"ListItem\",\"position\":1,\"name\":\"Inici\",\"item\":\"https:\/\/turisme.esglesia.barcelona\/es\/\"},{\"@type\":\"ListItem\",\"position\":2,\"name\":\"M\u00fasica en iglesias\"}]},{\"@type\":\"WebSite\",\"@id\":\"https:\/\/turisme.esglesia.barcelona\/#website\",\"url\":\"https:\/\/turisme.esglesia.barcelona\/\",\"name\":\"Secretariat Dioces\u00e0 de Turisme, Peregrinacions i Santuaris\",\"description\":\"Secretariat Dioces\u00e0 de Turisme, Peregrinacions i Santuaris\",\"potentialAction\":[{\"@type\":\"SearchAction\",\"target\":{\"@type\":\"EntryPoint\",\"urlTemplate\":\"https:\/\/turisme.esglesia.barcelona\/?s={search_term_string}\"},\"query-input\":\"required name=search_term_string\"}],\"inLanguage\":\"es\"}]}<\/script>\n<!-- \/ Yoast SEO plugin. -->","yoast_head_json":{"title":"M\u00fasica en iglesias - Secretariat Dioces\u00e0 de Turisme, Peregrinacions i Santuaris","robots":{"index":"index","follow":"follow","max-snippet":"max-snippet:-1","max-image-preview":"max-image-preview:large","max-video-preview":"max-video-preview:-1"},"canonical":"https:\/\/turisme.esglesia.barcelona\/es\/musica-en-iglesias\/","og_locale":"es_ES","og_type":"article","og_title":"M\u00fasica en iglesias - Secretariat Dioces\u00e0 de Turisme, Peregrinacions i Santuaris","og_description":"[vc_row][vc_column][\/vc_column][\/vc_row]","og_url":"https:\/\/turisme.esglesia.barcelona\/es\/musica-en-iglesias\/","og_site_name":"Secretariat Dioces\u00e0 de Turisme, Peregrinacions i Santuaris","article_modified_time":"2020-06-09T07:52:00+00:00","twitter_card":"summary_large_image","schema":{"@context":"https:\/\/schema.org","@graph":[{"@type":"WebPage","@id":"https:\/\/turisme.esglesia.barcelona\/es\/musica-en-iglesias\/","url":"https:\/\/turisme.esglesia.barcelona\/es\/musica-en-iglesias\/","name":"M\u00fasica en iglesias - Secretariat Dioces\u00e0 de Turisme, Peregrinacions i Santuaris","isPartOf":{"@id":"https:\/\/turisme.esglesia.barcelona\/#website"},"datePublished":"2020-02-11T09:57:20+00:00","dateModified":"2020-06-09T07:52:00+00:00","breadcrumb":{"@id":"https:\/\/turisme.esglesia.barcelona\/es\/musica-en-iglesias\/#breadcrumb"},"inLanguage":"es","potentialAction":[{"@type":"ReadAction","target":["https:\/\/turisme.esglesia.barcelona\/es\/musica-en-iglesias\/"]}]},{"@type":"BreadcrumbList","@id":"https:\/\/turisme.esglesia.barcelona\/es\/musica-en-iglesias\/#breadcrumb","itemListElement":[{"@type":"ListItem","position":1,"name":"Inici","item":"https:\/\/turisme.esglesia.barcelona\/es\/"},{"@type":"ListItem","position":2,"name":"M\u00fasica en iglesias"}]},{"@type":"WebSite","@id":"https:\/\/turisme.esglesia.barcelona\/#website","url":"https:\/\/turisme.esglesia.barcelona\/","name":"Secretariat Dioces\u00e0 de Turisme, Peregrinacions i Santuaris","description":"Secretariat Dioces\u00e0 de Turisme, Peregrinacions i Santuaris","potentialAction":[{"@type":"SearchAction","target":{"@type":"EntryPoint","urlTemplate":"https:\/\/turisme.esglesia.barcelona\/?s={search_term_string}"},"query-input":"required name=search_term_string"}],"inLanguage":"es"}]}},"_links":{"self":[{"href":"https:\/\/turisme.esglesia.barcelona\/es\/wp-json\/wp\/v2\/pages\/783"}],"collection":[{"href":"https:\/\/turisme.esglesia.barcelona\/es\/wp-json\/wp\/v2\/pages"}],"about":[{"href":"https:\/\/turisme.esglesia.barcelona\/es\/wp-json\/wp\/v2\/types\/page"}],"author":[{"embeddable":true,"href":"https:\/\/turisme.esglesia.barcelona\/es\/wp-json\/wp\/v2\/users\/1"}],"replies":[{"embeddable":true,"href":"https:\/\/turisme.esglesia.barcelona\/es\/wp-json\/wp\/v2\/comments?post=783"}],"version-history":[{"count":3,"href":"https:\/\/turisme.esglesia.barcelona\/es\/wp-json\/wp\/v2\/pages\/783\/revisions"}],"predecessor-version":[{"id":1057,"href":"https:\/\/turisme.esglesia.barcelona\/es\/wp-json\/wp\/v2\/pages\/783\/revisions\/1057"}],"wp:attachment":[{"href":"https:\/\/turisme.esglesia.barcelona\/es\/wp-json\/wp\/v2\/media?parent=783"}],"curies":[{"name":"wp","href":"https:\/\/api.w.org\/{rel}","templated":true}]}}